

{"id":958,"date":"2015-06-04T15:18:11","date_gmt":"2015-06-04T19:18:11","guid":{"rendered":"http:\/\/www.colonialelegance.com\/product\/cambridge-2\/"},"modified":"2024-02-28T09:57:09","modified_gmt":"2024-02-28T14:57:09","slug":"ashbury","status":"publish","type":"product","link":"https:\/\/www.colonialelegance.com\/fr\/produit\/ashbury\/","title":{"rendered":"Mod\u00e8le Ashbury"},"content":{"rendered":"","protected":false},"excerpt":{"rendered":"<div class=\"field field-type-text field-field-description-produit\">\n<div class=\"field-items\">\n<div class=\"field-item odd\">\n<ul>\n<li><strong>Cadre :<\/strong> en m\u00e9tal de 5\/8&Prime;.<\/li>\n<li><strong>Insertion : <\/strong>panneaux emboss\u00e9s au fini lisse avec couche d&rsquo;appr\u00eat blanc.<\/li>\n<li><strong>Type :<\/strong> coulissante.<\/li>\n<li><strong>Dimensions\u00a0<\/strong>: largeur de 30&Prime; \u00e0 144&Prime; et hauteur de 80 1\/2&Prime;.<\/li>\n<\/ul>\n<\/div>\n<\/div>\n<\/div>\n<div class=\"field field-type-text field-field-remarque-produit\">\n<div class=\"field-items\">\n<div class=\"field-item odd\">\n<p><span class=\"asterix_txt\">*<\/span>Pour une porte standard coulissante de 48&Prime; x 80 1\/2&Prime;. (PDSF : Prix de d\u00e9tail sugg\u00e9r\u00e9 par le fournisseur.\u00a0 Le d\u00e9taillant peut vendre \u00e0 un prix diff\u00e9rent)<\/p>\n<\/div>\n<\/div>\n<\/div>\n","protected":false},"featured_media":5458,"comment_status":"open","ping_status":"closed","template":"","meta":{"om_disable_all_campaigns":false},"product_cat":[42,39],"product_tag":[],"acf":[],"aioseo_notices":[],"jetpack_publicize_connections":[],"_links":{"self":[{"href":"https:\/\/www.colonialelegance.com\/fr\/wp-json\/wp\/v2\/product\/958"}],"collection":[{"href":"https:\/\/www.colonialelegance.com\/fr\/wp-json\/wp\/v2\/product"}],"about":[{"href":"https:\/\/www.colonialelegance.com\/fr\/wp-json\/wp\/v2\/types\/product"}],"replies":[{"embeddable":true,"href":"https:\/\/www.colonialelegance.com\/fr\/wp-json\/wp\/v2\/comments?post=958"}],"wp:featuredmedia":[{"embeddable":true,"href":"https:\/\/www.colonialelegance.com\/fr\/wp-json\/wp\/v2\/media\/5458"}],"wp:attachment":[{"href":"https:\/\/www.colonialelegance.com\/fr\/wp-json\/wp\/v2\/media?parent=958"}],"wp:term":[{"taxonomy":"product_cat","embeddable":true,"href":"https:\/\/www.colonialelegance.com\/fr\/wp-json\/wp\/v2\/product_cat?post=958"},{"taxonomy":"product_tag","embeddable":true,"href":"https:\/\/www.colonialelegance.com\/fr\/wp-json\/wp\/v2\/product_tag?post=958"}],"curies":[{"name":"wp","href":"https:\/\/api.w.org\/{rel}","templated":true}]}}