

{"id":5556,"date":"2022-04-19T13:08:08","date_gmt":"2024-02-27T19:23:16","guid":{"rendered":"http:\/\/www.colonialelegance.com\/?post_type=product&#038;p=5556"},"modified":"2024-02-27T14:23:19","modified_gmt":"2024-02-27T19:23:19","slug":"mission","status":"publish","type":"product","link":"https:\/\/www.colonialelegance.com\/fr\/produit\/mission\/","title":{"rendered":"Mod\u00e8le Mission"},"content":{"rendered":"","protected":false},"excerpt":{"rendered":"<ul>\n<li>\n<div class=\"field field-type-text field-field-description-produit\">\n<div class=\"field-items\">\n<div class=\"field-item odd\">\n<ul>\n<li><strong>Cadre :<\/strong> contemporain de 2 1\/2&Prime; en MDF recouvert d&rsquo;une pellicule au fini bois.<\/li>\n<li><strong>Insertion :<\/strong> insertions\u00a0fini bois.<\/li>\n<li><strong>Type :<\/strong> coulissante.<\/li>\n<li><strong>Dimensions :<\/strong> largeur de 20&Prime; \u00e0 144&Prime; et hauteur jusqu&rsquo;\u00e0 96&Prime;.<\/li>\n<li>Commandez un ou plusieurs <strong><a href=\"http:\/\/www.colonialelegance.com\/fr\/echantillons\/\">\u00e9chantillons gratuits<\/a><\/strong> de couleur.<\/li>\n<\/ul>\n<\/div>\n<\/div>\n<\/div>\n<div class=\"field field-type-text field-field-remarque-produit\">\n<div class=\"field-items\">\n<div class=\"field-item odd\">\n<p><span class=\"asterix_txt\">*<\/span>Pour une porte standard coulissante de 48&Prime; x 80 1\/2&Prime; avec insertion fini antique. (PDSF : Prix de d\u00e9tail sugg\u00e9r\u00e9 par le fournisseur. Le d\u00e9taillant peut vendre \u00e0 un prix diff\u00e9rent)<\/p>\n<\/div>\n<\/div>\n<\/div>\n<\/li>\n<\/ul>\n","protected":false},"featured_media":5581,"comment_status":"open","ping_status":"closed","template":"","meta":{"om_disable_all_campaigns":false},"product_cat":[41,39],"product_tag":[],"acf":[],"aioseo_notices":[],"jetpack_publicize_connections":[],"_links":{"self":[{"href":"https:\/\/www.colonialelegance.com\/fr\/wp-json\/wp\/v2\/product\/5556"}],"collection":[{"href":"https:\/\/www.colonialelegance.com\/fr\/wp-json\/wp\/v2\/product"}],"about":[{"href":"https:\/\/www.colonialelegance.com\/fr\/wp-json\/wp\/v2\/types\/product"}],"replies":[{"embeddable":true,"href":"https:\/\/www.colonialelegance.com\/fr\/wp-json\/wp\/v2\/comments?post=5556"}],"wp:featuredmedia":[{"embeddable":true,"href":"https:\/\/www.colonialelegance.com\/fr\/wp-json\/wp\/v2\/media\/5581"}],"wp:attachment":[{"href":"https:\/\/www.colonialelegance.com\/fr\/wp-json\/wp\/v2\/media?parent=5556"}],"wp:term":[{"taxonomy":"product_cat","embeddable":true,"href":"https:\/\/www.colonialelegance.com\/fr\/wp-json\/wp\/v2\/product_cat?post=5556"},{"taxonomy":"product_tag","embeddable":true,"href":"https:\/\/www.colonialelegance.com\/fr\/wp-json\/wp\/v2\/product_tag?post=5556"}],"curies":[{"name":"wp","href":"https:\/\/api.w.org\/{rel}","templated":true}]}}