

{"id":5382,"date":"2020-10-05T17:06:53","date_gmt":"2020-10-05T21:06:54","guid":{"rendered":"http:\/\/www.colonialelegance.com\/?post_type=product&#038;p=5382"},"modified":"2024-02-28T10:20:14","modified_gmt":"2024-02-28T15:20:14","slug":"modele-artisan","status":"publish","type":"product","link":"https:\/\/www.colonialelegance.com\/fr\/produit\/modele-artisan\/","title":{"rendered":"Mod\u00e8le Artisan"},"content":{"rendered":"<p>Produisez un effet imm\u00e9diat en ajoutant une porte de grange \u00e0 votre d\u00e9cor , une petite am\u00e9lioration qui transfigurera votre salle \u00e0 manger, votre cuisine, votre bureau ou votre chambre \u00e0 coucher. Variante de notre mod\u00e8le original, la porte ARTISAN est aussi belle en duo qu\u2019en solo : combinez deux portes pour ajouter un \u00ab X \u00bb caract\u00e9ristique \u00e0 votre d\u00e9cor.<\/p>\n","protected":false},"excerpt":{"rendered":"<div class=\"field field-type-text field-field-description-produit\">\n<div class=\"field-items\">\n<div class=\"field-item odd\">\n<ul>\n<li>Finition de la porte blanc grain de bois ou ch\u00eane gris<\/li>\n<li>Construction en MDF recouvert d&rsquo;un vinyle haute performance r\u00e9sistant aux \u00e9gratignures<\/li>\n<li>Porte enti\u00e8rement assembl\u00e9e, aucune finition requise<\/li>\n<li>Dimensions de la porte: Largeur 37 po &#8211; \u00c9paisseur 1 3\/8 po &#8211; Hauteur 84 po<\/li>\n<li>Dimensions du rail coulissant: Longeur 78 3\/4 po &#8211; Hauteur 11 3\/8 po &#8211; Diam\u00e8tre 2 3\/4 po<\/li>\n<li>Roulettes haut de gamme ultra-silencieuses<\/li>\n<li>Rail en acier avec finition durable noire en poudre pour installation int\u00e9rieure seulement<\/li>\n<li>Le kit de porte s&rsquo;installe au-dessus d&rsquo;une ouverture finie jusqu&rsquo;\u00e0 36 po de large x 80 1\/2 po de haut<\/li>\n<li>Poign\u00e9e au fini assorti incluse<\/li>\n<\/ul>\n<\/div>\n<\/div>\n<\/div>\n<div class=\"field field-type-text field-field-remarque-produit\">\n<div class=\"field-items\"><\/div>\n<\/div>\n","protected":false},"featured_media":5260,"comment_status":"open","ping_status":"closed","template":"","meta":{"om_disable_all_campaigns":false},"product_cat":[1192],"product_tag":[],"acf":[],"aioseo_notices":[],"jetpack_publicize_connections":[],"_links":{"self":[{"href":"https:\/\/www.colonialelegance.com\/fr\/wp-json\/wp\/v2\/product\/5382"}],"collection":[{"href":"https:\/\/www.colonialelegance.com\/fr\/wp-json\/wp\/v2\/product"}],"about":[{"href":"https:\/\/www.colonialelegance.com\/fr\/wp-json\/wp\/v2\/types\/product"}],"replies":[{"embeddable":true,"href":"https:\/\/www.colonialelegance.com\/fr\/wp-json\/wp\/v2\/comments?post=5382"}],"wp:featuredmedia":[{"embeddable":true,"href":"https:\/\/www.colonialelegance.com\/fr\/wp-json\/wp\/v2\/media\/5260"}],"wp:attachment":[{"href":"https:\/\/www.colonialelegance.com\/fr\/wp-json\/wp\/v2\/media?parent=5382"}],"wp:term":[{"taxonomy":"product_cat","embeddable":true,"href":"https:\/\/www.colonialelegance.com\/fr\/wp-json\/wp\/v2\/product_cat?post=5382"},{"taxonomy":"product_tag","embeddable":true,"href":"https:\/\/www.colonialelegance.com\/fr\/wp-json\/wp\/v2\/product_tag?post=5382"}],"curies":[{"name":"wp","href":"https:\/\/api.w.org\/{rel}","templated":true}]}}