

{"id":5365,"date":"2020-10-05T16:48:42","date_gmt":"2020-10-05T20:48:43","guid":{"rendered":"http:\/\/www.colonialelegance.com\/?post_type=product&#038;p=5365"},"modified":"2024-02-28T10:24:06","modified_gmt":"2024-02-28T15:24:06","slug":"modele-1verre-givre","status":"publish","type":"product","link":"https:\/\/www.colonialelegance.com\/fr\/produit\/modele-1verre-givre\/","title":{"rendered":"Mod\u00e8le 1 Verre"},"content":{"rendered":"<p>Produisez un effet imm\u00e9diat en ajoutant une porte de grange \u00e0 votre d\u00e9cor , une petite am\u00e9lioration qui transfigurera votre salle \u00e0 manger, votre cuisine, votre bureau ou votre chambre \u00e0 coucher. Qu\u02c8il s\u02c8agisse de cacher un couloir ou une chambre \u00e0 coucher, cette porte 1 Verre avec insertion de verre givr\u00e9 est une preuve \u00e9l\u00e9gante que vous n\u02c8avez pas besoin de choisir entre forme et fonction. Un large cadre en pin met en valeur le centre en verre givr\u00e9, con\u00e7u pour laisser passer la lumi\u00e8re naturelle tout en pr\u00e9servant l\u02c8intimit\u00e9. Un chef-d\u02c8\u0153uvre minimaliste.<\/p>\n","protected":false},"excerpt":{"rendered":"<div class=\"field field-type-text field-field-description-produit\">\n<div class=\"field-items\">\n<div class=\"field-item odd\">\n<ul>\n<li>Finition de la porte blanc grain de bois<\/li>\n<li>Construction en MDF recouvert d\u02c8un vinyle haute performance r\u00e9sistant aux \u00e9gratignures<\/li>\n<li>Verre givr\u00e9 tremp\u00e9, niveau d&rsquo;intimit\u00e9 7<\/li>\n<li>Porte enti\u00e8rement assembl\u00e9e, aucune finition requise<\/li>\n<li>Dimensions de la porte: Largeur 37 po &#8211; \u00c9paisseur 1 3\/8 po &#8211; Hauteur 84 po<\/li>\n<li>Dimensions du rail coulissant: Longeur 78 3\/4 po &#8211; Hauteur 11 3\/8 po &#8211; Diam\u00e8tre 2 3\/4 po<\/li>\n<li>Roulettes haut de gamme ultra-silencieuses<\/li>\n<li>Rail en acier avec finition durable noire en poudre pour installation int\u00e9rieure seulement<\/li>\n<li>Le kit de porte s&rsquo;installe au-dessus d&rsquo;une ouverture finie jusqu&rsquo;\u00e0 36 po de large x 80 1\/2 po de haut<\/li>\n<li>Poign\u00e9e au fini assorti incluse<\/li>\n<\/ul>\n<\/div>\n<\/div>\n<\/div>\n<div class=\"field field-type-text field-field-remarque-produit\">\n<div class=\"field-items\"><\/div>\n<\/div>\n","protected":false},"featured_media":5230,"comment_status":"open","ping_status":"closed","template":"","meta":{"om_disable_all_campaigns":false},"product_cat":[1192],"product_tag":[],"acf":[],"aioseo_notices":[],"jetpack_publicize_connections":[],"_links":{"self":[{"href":"https:\/\/www.colonialelegance.com\/fr\/wp-json\/wp\/v2\/product\/5365"}],"collection":[{"href":"https:\/\/www.colonialelegance.com\/fr\/wp-json\/wp\/v2\/product"}],"about":[{"href":"https:\/\/www.colonialelegance.com\/fr\/wp-json\/wp\/v2\/types\/product"}],"replies":[{"embeddable":true,"href":"https:\/\/www.colonialelegance.com\/fr\/wp-json\/wp\/v2\/comments?post=5365"}],"wp:featuredmedia":[{"embeddable":true,"href":"https:\/\/www.colonialelegance.com\/fr\/wp-json\/wp\/v2\/media\/5230"}],"wp:attachment":[{"href":"https:\/\/www.colonialelegance.com\/fr\/wp-json\/wp\/v2\/media?parent=5365"}],"wp:term":[{"taxonomy":"product_cat","embeddable":true,"href":"https:\/\/www.colonialelegance.com\/fr\/wp-json\/wp\/v2\/product_cat?post=5365"},{"taxonomy":"product_tag","embeddable":true,"href":"https:\/\/www.colonialelegance.com\/fr\/wp-json\/wp\/v2\/product_tag?post=5365"}],"curies":[{"name":"wp","href":"https:\/\/api.w.org\/{rel}","templated":true}]}}