

{"id":4809,"date":"2019-09-04T15:43:02","date_gmt":"2019-09-04T19:48:54","guid":{"rendered":"http:\/\/www.colonialelegance.com\/?post_type=product&#038;p=4809"},"modified":"2024-02-28T10:28:34","modified_gmt":"2024-02-28T15:28:34","slug":"modele-pure","status":"publish","type":"product","link":"https:\/\/www.colonialelegance.com\/fr\/produit\/modele-pure\/","title":{"rendered":"Mod\u00e8le Pure"},"content":{"rendered":"","protected":false},"excerpt":{"rendered":"<div class=\"field field-type-text field-field-description-produit\">\n<div class=\"field-items\">\n<div class=\"field-item odd\">\n<ul>\n<li><strong>Mat\u00e9riel : <\/strong>MDF appr\u00eat\u00e9 blanc avec 1 panneau.<\/li>\n<li><strong>D\u00e9tails :<\/strong> porte appr\u00eat\u00e9e blanche, pr\u00eate \u00e0 peindre.<\/li>\n<li><strong>Dimensions :<\/strong> 33&Prime;\u00a0ou 37&Prime; x 84\u00a0\u00bb. \u00c9paisseur de 1&Prime;.<\/li>\n<\/ul>\n<\/div>\n<\/div>\n<\/div>\n<div class=\"field field-type-text field-field-remarque-produit\">\n<div class=\"field-items\">\n<div class=\"field-item odd\">\n<p><span class=\"asterix_txt\">*<\/span>Syst\u00e8me de rail complet\u00a0et poign\u00e9e\u00a0vendus s\u00e9par\u00e9ment. (PDSF : Prix de d\u00e9tail sugg\u00e9r\u00e9 par le fournisseur. Le d\u00e9taillant peut vendre \u00e0 un prix diff\u00e9rent)<\/p>\n<\/div>\n<\/div>\n<\/div>\n","protected":false},"featured_media":4553,"comment_status":"open","ping_status":"closed","template":"","meta":{"om_disable_all_campaigns":false},"product_cat":[870,846],"product_tag":[],"acf":[],"aioseo_notices":[],"jetpack_publicize_connections":[],"_links":{"self":[{"href":"https:\/\/www.colonialelegance.com\/fr\/wp-json\/wp\/v2\/product\/4809"}],"collection":[{"href":"https:\/\/www.colonialelegance.com\/fr\/wp-json\/wp\/v2\/product"}],"about":[{"href":"https:\/\/www.colonialelegance.com\/fr\/wp-json\/wp\/v2\/types\/product"}],"replies":[{"embeddable":true,"href":"https:\/\/www.colonialelegance.com\/fr\/wp-json\/wp\/v2\/comments?post=4809"}],"wp:featuredmedia":[{"embeddable":true,"href":"https:\/\/www.colonialelegance.com\/fr\/wp-json\/wp\/v2\/media\/4553"}],"wp:attachment":[{"href":"https:\/\/www.colonialelegance.com\/fr\/wp-json\/wp\/v2\/media?parent=4809"}],"wp:term":[{"taxonomy":"product_cat","embeddable":true,"href":"https:\/\/www.colonialelegance.com\/fr\/wp-json\/wp\/v2\/product_cat?post=4809"},{"taxonomy":"product_tag","embeddable":true,"href":"https:\/\/www.colonialelegance.com\/fr\/wp-json\/wp\/v2\/product_tag?post=4809"}],"curies":[{"name":"wp","href":"https:\/\/api.w.org\/{rel}","templated":true}]}}