

{"id":4727,"date":"2019-09-04T10:30:41","date_gmt":"2019-09-04T14:30:42","guid":{"rendered":"http:\/\/www.colonialelegance.com\/?post_type=product&#038;p=4727"},"modified":"2024-02-28T10:29:24","modified_gmt":"2024-02-28T15:29:24","slug":"modele-station","status":"publish","type":"product","link":"https:\/\/www.colonialelegance.com\/fr\/produit\/modele-station\/","title":{"rendered":"Mod\u00e8le Station"},"content":{"rendered":"","protected":false},"excerpt":{"rendered":"<ul>\n<li><strong>Mat\u00e9riel :\u00a0<\/strong>pin noueux.<\/li>\n<li><strong>D\u00e9tails :<\/strong> les portes sont vendues non fini, pr\u00eate \u00e0 teindre, vernir ou peindre.<\/li>\n<li><strong>Dimensions :<\/strong>\u00a033&Prime;, 37&Prime;, ou 42&Prime; x 84\u00a0\u00bb. \u00c9paisseur de 1-3\/8&Prime;.<\/li>\n<\/ul>\n<p><span class=\"asterix_txt\">*<\/span>Syst\u00e8me de rail complet et poign\u00e9e vendus s\u00e9par\u00e9ment. (PDSF : Prix de d\u00e9tail sugg\u00e9r\u00e9 par le fournisseur. Le d\u00e9taillant peut vendre \u00e0 un prix diff\u00e9rent)<\/p>\n","protected":false},"featured_media":4567,"comment_status":"open","ping_status":"closed","template":"","meta":{"om_disable_all_campaigns":false},"product_cat":[870,846],"product_tag":[],"acf":[],"aioseo_notices":[],"jetpack_publicize_connections":[],"_links":{"self":[{"href":"https:\/\/www.colonialelegance.com\/fr\/wp-json\/wp\/v2\/product\/4727"}],"collection":[{"href":"https:\/\/www.colonialelegance.com\/fr\/wp-json\/wp\/v2\/product"}],"about":[{"href":"https:\/\/www.colonialelegance.com\/fr\/wp-json\/wp\/v2\/types\/product"}],"replies":[{"embeddable":true,"href":"https:\/\/www.colonialelegance.com\/fr\/wp-json\/wp\/v2\/comments?post=4727"}],"wp:featuredmedia":[{"embeddable":true,"href":"https:\/\/www.colonialelegance.com\/fr\/wp-json\/wp\/v2\/media\/4567"}],"wp:attachment":[{"href":"https:\/\/www.colonialelegance.com\/fr\/wp-json\/wp\/v2\/media?parent=4727"}],"wp:term":[{"taxonomy":"product_cat","embeddable":true,"href":"https:\/\/www.colonialelegance.com\/fr\/wp-json\/wp\/v2\/product_cat?post=4727"},{"taxonomy":"product_tag","embeddable":true,"href":"https:\/\/www.colonialelegance.com\/fr\/wp-json\/wp\/v2\/product_tag?post=4727"}],"curies":[{"name":"wp","href":"https:\/\/api.w.org\/{rel}","templated":true}]}}