

{"id":4000,"date":"2017-02-09T16:42:14","date_gmt":"2017-02-09T21:42:15","guid":{"rendered":"http:\/\/www.colonialelegance.com\/fr\/produit\/modele-boreal-copy\/"},"modified":"2024-02-28T10:45:19","modified_gmt":"2024-02-28T15:45:19","slug":"diamond","status":"publish","type":"product","link":"https:\/\/www.colonialelegance.com\/fr\/produit\/diamond\/","title":{"rendered":"Mod\u00e8le Diamond"},"content":{"rendered":"","protected":false},"excerpt":{"rendered":"<div class=\"field field-type-text field-field-description-produit\">\n<div class=\"field-items\">\n<div class=\"field-item odd\">\n<ul>\n<li><strong>Mat\u00e9riel : <\/strong>rail plat et quincaillerie noir.<\/li>\n<li><strong>D\u00e9tails:<\/strong> m\u00e9canisme pour porte de grange avec un roulement \u00e0 billes silencieux qui supporte un poids maximum de 150lbs.<\/li>\n<li><strong>Dimensions: <\/strong>pour porte de 37&Prime; et moins (possibilit\u00e9 d&rsquo;ajouter un deuxi\u00e8me syst\u00e8me pour ouvertures plus grandes).<\/li>\n<\/ul>\n<\/div>\n<\/div>\n<\/div>\n<div class=\"field field-type-text field-field-remarque-produit\">\n<div class=\"field-items\">\n<div class=\"field-item odd\">\n<p><span class=\"asterix_txt\">*<\/span>La porte est vendue s\u00e9par\u00e9ment. (PDSF : Prix de d\u00e9tail sugg\u00e9r\u00e9 par le fournisseur. Le d\u00e9taillant peut vendre \u00e0 un prix diff\u00e9rent)<\/p>\n<\/div>\n<\/div>\n<\/div>\n","protected":false},"featured_media":3951,"comment_status":"open","ping_status":"closed","template":"","meta":{"om_disable_all_campaigns":false},"product_cat":[871,846],"product_tag":[],"acf":[],"aioseo_notices":[],"jetpack_publicize_connections":[],"_links":{"self":[{"href":"https:\/\/www.colonialelegance.com\/fr\/wp-json\/wp\/v2\/product\/4000"}],"collection":[{"href":"https:\/\/www.colonialelegance.com\/fr\/wp-json\/wp\/v2\/product"}],"about":[{"href":"https:\/\/www.colonialelegance.com\/fr\/wp-json\/wp\/v2\/types\/product"}],"replies":[{"embeddable":true,"href":"https:\/\/www.colonialelegance.com\/fr\/wp-json\/wp\/v2\/comments?post=4000"}],"wp:featuredmedia":[{"embeddable":true,"href":"https:\/\/www.colonialelegance.com\/fr\/wp-json\/wp\/v2\/media\/3951"}],"wp:attachment":[{"href":"https:\/\/www.colonialelegance.com\/fr\/wp-json\/wp\/v2\/media?parent=4000"}],"wp:term":[{"taxonomy":"product_cat","embeddable":true,"href":"https:\/\/www.colonialelegance.com\/fr\/wp-json\/wp\/v2\/product_cat?post=4000"},{"taxonomy":"product_tag","embeddable":true,"href":"https:\/\/www.colonialelegance.com\/fr\/wp-json\/wp\/v2\/product_tag?post=4000"}],"curies":[{"name":"wp","href":"https:\/\/api.w.org\/{rel}","templated":true}]}}