

{"id":3799,"date":"2017-01-20T11:53:30","date_gmt":"2017-01-20T16:53:31","guid":{"rendered":"http:\/\/www.colonialelegance.com\/fr\/produit\/modele-la-belle-et-la-bete-copy\/"},"modified":"2017-01-31T13:48:19","modified_gmt":"2017-01-31T18:48:19","slug":"modele-moana","status":"publish","type":"product","link":"https:\/\/www.colonialelegance.com\/fr\/produit\/modele-moana\/","title":{"rendered":"Mod\u00e8le Moana"},"content":{"rendered":"","protected":false},"excerpt":{"rendered":"<div class=\"field field-type-text field-field-description-produit\">\n<div class=\"field-items\">\n<div class=\"field-item odd\">\n<ul>\n<li><strong>Cadre :<\/strong> en m\u00e9tal de 5\/8&Prime;.<\/li>\n<li><strong>Insertion :<\/strong> choix de panneau imprim\u00e9 et un\u00a0miroir clair.<\/li>\n<li><strong>Type :<\/strong> coulissante ou pliante.<\/li>\n<li><strong>Dimensions :<\/strong> largeur de 36&Prime;\u00a0ou 48&Prime; et hauteur jusqu&rsquo;\u00e0 80 1\/2&Prime;.<\/li>\n<\/ul>\n<\/div>\n<\/div>\n<\/div>\n<div class=\"field field-type-text field-field-remarque-produit\">\n<div class=\"field-items\">\n<div class=\"field-item odd\">\n<p><span class=\"asterix_txt\">*<\/span>\u00a0 Pour une porte standard coulissante de 48&Prime; x 80 1\/2&Prime;. (PDSF : Prix de d\u00e9tail sugg\u00e9r\u00e9 par le fournisseur.\u00a0 Le d\u00e9taillant peut vendre \u00e0 un prix diff\u00e9rent).<\/p>\n<\/div>\n<\/div>\n<\/div>\n","protected":false},"featured_media":3730,"comment_status":"open","ping_status":"closed","template":"","meta":{"om_disable_all_campaigns":false},"product_cat":[39],"product_tag":[],"acf":[],"aioseo_notices":[],"jetpack_publicize_connections":[],"_links":{"self":[{"href":"https:\/\/www.colonialelegance.com\/fr\/wp-json\/wp\/v2\/product\/3799"}],"collection":[{"href":"https:\/\/www.colonialelegance.com\/fr\/wp-json\/wp\/v2\/product"}],"about":[{"href":"https:\/\/www.colonialelegance.com\/fr\/wp-json\/wp\/v2\/types\/product"}],"replies":[{"embeddable":true,"href":"https:\/\/www.colonialelegance.com\/fr\/wp-json\/wp\/v2\/comments?post=3799"}],"wp:featuredmedia":[{"embeddable":true,"href":"https:\/\/www.colonialelegance.com\/fr\/wp-json\/wp\/v2\/media\/3730"}],"wp:attachment":[{"href":"https:\/\/www.colonialelegance.com\/fr\/wp-json\/wp\/v2\/media?parent=3799"}],"wp:term":[{"taxonomy":"product_cat","embeddable":true,"href":"https:\/\/www.colonialelegance.com\/fr\/wp-json\/wp\/v2\/product_cat?post=3799"},{"taxonomy":"product_tag","embeddable":true,"href":"https:\/\/www.colonialelegance.com\/fr\/wp-json\/wp\/v2\/product_tag?post=3799"}],"curies":[{"name":"wp","href":"https:\/\/api.w.org\/{rel}","templated":true}]}}