

{"id":2247,"date":"2015-08-20T16:13:24","date_gmt":"2015-08-20T20:13:25","guid":{"rendered":""},"modified":"2017-05-12T11:12:42","modified_gmt":"2017-05-12T15:12:42","slug":"panneau-fer-forge-galeria","status":"publish","type":"product","link":"https:\/\/www.colonialelegance.com\/fr\/produit\/panneau-fer-forge-galeria\/","title":{"rendered":"Panneau fer forg\u00e9 GALERIA"},"content":{"rendered":"<p><br data-mce-bogus=\"1\"><\/p>\n","protected":false},"excerpt":{"rendered":"<div class=\"field field-type-text field-field-description-produit\">\n<div class=\"field-items\">\n<div class=\"field-item odd\">\n<ul>\n<li><strong>Description :<\/strong>\u00a0panneau de fer forg\u00e9 Galeria argent sabl\u00e9\u00a0avec poteau Victorien ou Zen en ch\u00eane ou \u00e9rable.<\/li>\n<li><strong>Escaliers :<\/strong>\u00a0composantes pour escaliers disponibles.<\/li>\n<li><strong>Courbes et accessoires :<\/strong>\u00a0accessoires d&rsquo;installation disponibles, les courbes ne sont pas disponibles pour cette s\u00e9rie.<\/li>\n<li><strong>Options :<\/strong>\u00a0demi-poteaux disponibles. Vernissage de produits en usine avec suppl\u00e9ment.<\/li>\n<\/ul>\n<\/div>\n<\/div>\n<\/div>\n<div class=\"field field-type-text field-field-remarque-produit\">\n<div class=\"field-items\">\n<div class=\"field-item odd\">\n<p><span class=\"asterix_txt\">*<\/span>Prix estim\u00e9 d&rsquo;une balustrade pour 12 marches et section horizontale de 8 pieds en\u00a0\u00e9rable Zen. Marches et contremarches exclues. (PDSF : Prix de d\u00e9tail sugg\u00e9r\u00e9 par le fournisseur. Le d\u00e9taillant peut vendre \u00e0 un prix diff\u00e9rent.)<\/p>\n<\/div>\n<\/div>\n<\/div>\n","protected":false},"featured_media":4443,"comment_status":"open","ping_status":"closed","template":"","meta":{"om_disable_all_campaigns":false},"product_cat":[53,59],"product_tag":[],"acf":[],"aioseo_notices":[],"jetpack_publicize_connections":[],"_links":{"self":[{"href":"https:\/\/www.colonialelegance.com\/fr\/wp-json\/wp\/v2\/product\/2247"}],"collection":[{"href":"https:\/\/www.colonialelegance.com\/fr\/wp-json\/wp\/v2\/product"}],"about":[{"href":"https:\/\/www.colonialelegance.com\/fr\/wp-json\/wp\/v2\/types\/product"}],"replies":[{"embeddable":true,"href":"https:\/\/www.colonialelegance.com\/fr\/wp-json\/wp\/v2\/comments?post=2247"}],"wp:featuredmedia":[{"embeddable":true,"href":"https:\/\/www.colonialelegance.com\/fr\/wp-json\/wp\/v2\/media\/4443"}],"wp:attachment":[{"href":"https:\/\/www.colonialelegance.com\/fr\/wp-json\/wp\/v2\/media?parent=2247"}],"wp:term":[{"taxonomy":"product_cat","embeddable":true,"href":"https:\/\/www.colonialelegance.com\/fr\/wp-json\/wp\/v2\/product_cat?post=2247"},{"taxonomy":"product_tag","embeddable":true,"href":"https:\/\/www.colonialelegance.com\/fr\/wp-json\/wp\/v2\/product_tag?post=2247"}],"curies":[{"name":"wp","href":"https:\/\/api.w.org\/{rel}","templated":true}]}}