

{"id":2040,"date":"2015-06-05T11:23:52","date_gmt":"2015-06-05T15:23:52","guid":{"rendered":"http:\/\/www.colonialelegance.com\/product\/modele-pre-assemble-2\/"},"modified":"2024-02-26T10:24:26","modified_gmt":"2024-02-26T15:24:26","slug":"modele-pre-assemble-2","status":"publish","type":"product","link":"https:\/\/www.colonialelegance.com\/fr\/produit\/modele-pre-assemble-2\/","title":{"rendered":"Mod\u00e8le Pr\u00e9-assembl\u00e9"},"content":{"rendered":"<p>B\u00e2ti pour porte escamotable pr\u00e9-assembl\u00e9<\/p>\n","protected":false},"excerpt":{"rendered":"<div class=\"field field-type-text field-field-description-produit\">\n<div class=\"field-items\">\n<div class=\"field-item odd\">\n<ul>\n<li><strong>B\u00e2ti :<\/strong> en pin avec rail en aluminium pour un roulement doux anti-sauts.<\/li>\n<li><strong>Sp\u00e9cifications pour portes :\u00a0<\/strong>de 1 1\/8&Prime; \u00e0 1 3\/8&Prime; d&rsquo;\u00e9paisseur.\u00a0 Supporte jusqu&rsquo;\u00e0 125 lbs.<\/li>\n<li><strong>Sp\u00e9cifications des murs :<\/strong>\u00a0 pour murs de 4 5\/8&Prime; (structure 2 x 4).<\/li>\n<li><strong>Dimensions : <\/strong>de 24&Prime; \u00e0\u00a036&Prime; x 80&Prime;.\u00a0 Pour ouverture brute de 49 3\/8&Prime; \u00e0 73 3\/8&Prime; x 83 3\/4&Prime;. (aussi disponible pour hauteur de 96&Prime;)<\/li>\n<\/ul>\n<\/div>\n<\/div>\n<\/div>\n<div class=\"field field-type-text field-field-remarque-produit\">\n<div class=\"field-items\">\n<div class=\"field-item odd\">\n<p><span class=\"asterix_txt\">*<\/span>Pour un b\u00e2ti de porte escamotable de 30&Prime; x 80&Prime;. Porte non incluse (PDSF : Prix de d\u00e9tail sugg\u00e9r\u00e9 par le fournisseur.\u00a0 Le d\u00e9taillant peut vendre \u00e0 un prix diff\u00e9rent).<\/p>\n<\/div>\n<\/div>\n<\/div>\n","protected":false},"featured_media":630,"comment_status":"open","ping_status":"closed","template":"","meta":{"om_disable_all_campaigns":false},"product_cat":[64],"product_tag":[],"acf":[],"aioseo_notices":[],"jetpack_publicize_connections":[],"_links":{"self":[{"href":"https:\/\/www.colonialelegance.com\/fr\/wp-json\/wp\/v2\/product\/2040"}],"collection":[{"href":"https:\/\/www.colonialelegance.com\/fr\/wp-json\/wp\/v2\/product"}],"about":[{"href":"https:\/\/www.colonialelegance.com\/fr\/wp-json\/wp\/v2\/types\/product"}],"replies":[{"embeddable":true,"href":"https:\/\/www.colonialelegance.com\/fr\/wp-json\/wp\/v2\/comments?post=2040"}],"wp:featuredmedia":[{"embeddable":true,"href":"https:\/\/www.colonialelegance.com\/fr\/wp-json\/wp\/v2\/media\/630"}],"wp:attachment":[{"href":"https:\/\/www.colonialelegance.com\/fr\/wp-json\/wp\/v2\/media?parent=2040"}],"wp:term":[{"taxonomy":"product_cat","embeddable":true,"href":"https:\/\/www.colonialelegance.com\/fr\/wp-json\/wp\/v2\/product_cat?post=2040"},{"taxonomy":"product_tag","embeddable":true,"href":"https:\/\/www.colonialelegance.com\/fr\/wp-json\/wp\/v2\/product_tag?post=2040"}],"curies":[{"name":"wp","href":"https:\/\/api.w.org\/{rel}","templated":true}]}}