

{"id":1735,"date":"2015-07-29T10:40:28","date_gmt":"2015-07-29T14:40:28","guid":{"rendered":"http:\/\/www.colonialelegance.com\/product\/partition-cadre-fusion-plus\/"},"modified":"2016-10-06T14:52:52","modified_gmt":"2016-10-06T18:52:52","slug":"partition-cadre-fusion-plus","status":"publish","type":"product","link":"https:\/\/www.colonialelegance.com\/fr\/produit\/partition-cadre-fusion-plus\/","title":{"rendered":"Partition, cadre fusion plus"},"content":{"rendered":"","protected":false},"excerpt":{"rendered":"<div class=\"field field-type-text field-field-description-produit\">\n<div class=\"field-items\">\n<div class=\"field-item odd\">\n<ul>\n<li><strong>Cadre :<\/strong> contemporain de 2 1\/2&Prime; en MDF recouvert d&rsquo;une pellicule au fini bois avec moulures horizontales<\/li>\n<li><strong>Insertion :<\/strong> plexiglass<\/li>\n<li><strong>Type\u00a0<\/strong>: coulissante murale sans rail au plancher<\/li>\n<li><strong>Dimensions :<\/strong> largeur de 72&Prime; \u00e0 192&Prime; et hauteur jusqu&rsquo;\u00e0 96&Prime;<\/li>\n<\/ul>\n<\/div>\n<\/div>\n<\/div>\n<div class=\"field field-type-text field-field-remarque-produit\">\n<div class=\"field-items\">\n<div class=\"field-item odd\">\n<p><span class=\"asterix_txt\">*<\/span>Pour une porte standard coulissante partition de 72&Prime; x 96&Prime; avec insertion de plexiglass. (PDSF : Prix de d\u00e9tail sugg\u00e9r\u00e9 par le fournisseur.\u00a0 Le d\u00e9taillant peut vendre \u00e0 un prix diff\u00e9rent)<\/p>\n<\/div>\n<\/div>\n<\/div>\n","protected":false},"featured_media":2817,"comment_status":"open","ping_status":"closed","template":"","meta":{"om_disable_all_campaigns":false},"product_cat":[39],"product_tag":[],"acf":[],"aioseo_notices":[],"jetpack_publicize_connections":[],"_links":{"self":[{"href":"https:\/\/www.colonialelegance.com\/fr\/wp-json\/wp\/v2\/product\/1735"}],"collection":[{"href":"https:\/\/www.colonialelegance.com\/fr\/wp-json\/wp\/v2\/product"}],"about":[{"href":"https:\/\/www.colonialelegance.com\/fr\/wp-json\/wp\/v2\/types\/product"}],"replies":[{"embeddable":true,"href":"https:\/\/www.colonialelegance.com\/fr\/wp-json\/wp\/v2\/comments?post=1735"}],"wp:featuredmedia":[{"embeddable":true,"href":"https:\/\/www.colonialelegance.com\/fr\/wp-json\/wp\/v2\/media\/2817"}],"wp:attachment":[{"href":"https:\/\/www.colonialelegance.com\/fr\/wp-json\/wp\/v2\/media?parent=1735"}],"wp:term":[{"taxonomy":"product_cat","embeddable":true,"href":"https:\/\/www.colonialelegance.com\/fr\/wp-json\/wp\/v2\/product_cat?post=1735"},{"taxonomy":"product_tag","embeddable":true,"href":"https:\/\/www.colonialelegance.com\/fr\/wp-json\/wp\/v2\/product_tag?post=1735"}],"curies":[{"name":"wp","href":"https:\/\/api.w.org\/{rel}","templated":true}]}}