

{"id":1645,"date":"2015-06-04T16:54:46","date_gmt":"2015-06-04T20:54:46","guid":{"rendered":"http:\/\/www.colonialelegance.com\/product\/colonial-chene-2\/"},"modified":"2017-05-11T16:09:29","modified_gmt":"2017-05-11T20:09:29","slug":"colonial-chene","status":"publish","type":"product","link":"https:\/\/www.colonialelegance.com\/fr\/produit\/colonial-chene\/","title":{"rendered":"S\u00c9RIE COLONIAL : ch\u00eane ou laqu\u00e9 blanc"},"content":{"rendered":"","protected":false},"excerpt":{"rendered":"<div class=\"field field-type-text field-field-description-produit\">\n<div class=\"field-items\">\n<div class=\"field-item odd\">\n<ul>\n<li><strong>Description :<\/strong> poteaux et barreaux \u00e0 bouts carr\u00e9s avec partie centrale tourn\u00e9e de style Colonial disponible en 1-1\/16&Prime; (ch\u00eane) ou en 1-1\/4&Prime; (ch\u00eane ou laqu\u00e9s blancs).<\/li>\n<li><strong>Escaliers :<\/strong>\u00a0composantes pour escaliers disponibles.<\/li>\n<li><strong>Courbes et accessoires :<\/strong> accessoires d&rsquo;installation disponibles. Courbes pour la s\u00e9rie 1-1\/4&Prime; seulement.<\/li>\n<li><strong>Options :<\/strong> demi-poteaux disponibles. Barreau\u00a0et poteaux pour volute ou courbe disponible pour la s\u00e9rie 1-1\/4&Prime; seulement. Vernissage de produits en usine avec suppl\u00e9ment.<\/li>\n<\/ul>\n<\/div>\n<\/div>\n<\/div>\n<div class=\"field field-type-text field-field-remarque-produit\">\n<div class=\"field-items\">\n<div class=\"field-item odd\">\n<p><span class=\"asterix_txt\">*<\/span>Prix estim\u00e9 d&rsquo;une balustrade pour 12 marches et section horizontale de 8 pieds en ch\u00eane. \u00a0Lisse, marches et contremarches exclues. (PDSF : Prix de d\u00e9tail sugg\u00e9r\u00e9 par le fournisseur. \u00a0Le d\u00e9taillant peut vendre \u00e0 un prix diff\u00e9rent).<\/p>\n<\/div>\n<\/div>\n<\/div>\n","protected":false},"featured_media":4419,"comment_status":"open","ping_status":"closed","template":"","meta":{"om_disable_all_campaigns":false},"product_cat":[53,54],"product_tag":[],"acf":[],"aioseo_notices":[],"jetpack_publicize_connections":[],"_links":{"self":[{"href":"https:\/\/www.colonialelegance.com\/fr\/wp-json\/wp\/v2\/product\/1645"}],"collection":[{"href":"https:\/\/www.colonialelegance.com\/fr\/wp-json\/wp\/v2\/product"}],"about":[{"href":"https:\/\/www.colonialelegance.com\/fr\/wp-json\/wp\/v2\/types\/product"}],"replies":[{"embeddable":true,"href":"https:\/\/www.colonialelegance.com\/fr\/wp-json\/wp\/v2\/comments?post=1645"}],"wp:featuredmedia":[{"embeddable":true,"href":"https:\/\/www.colonialelegance.com\/fr\/wp-json\/wp\/v2\/media\/4419"}],"wp:attachment":[{"href":"https:\/\/www.colonialelegance.com\/fr\/wp-json\/wp\/v2\/media?parent=1645"}],"wp:term":[{"taxonomy":"product_cat","embeddable":true,"href":"https:\/\/www.colonialelegance.com\/fr\/wp-json\/wp\/v2\/product_cat?post=1645"},{"taxonomy":"product_tag","embeddable":true,"href":"https:\/\/www.colonialelegance.com\/fr\/wp-json\/wp\/v2\/product_tag?post=1645"}],"curies":[{"name":"wp","href":"https:\/\/api.w.org\/{rel}","templated":true}]}}