

{"id":1566,"date":"2015-06-04T17:26:54","date_gmt":"2015-06-04T21:26:54","guid":{"rendered":"http:\/\/www.colonialelegance.com\/product\/panier-noir-mat-ou-bronze-venitien\/"},"modified":"2017-05-11T16:22:40","modified_gmt":"2017-05-11T20:22:40","slug":"fer-forge-panier","status":"publish","type":"product","link":"https:\/\/www.colonialelegance.com\/fr\/produit\/fer-forge-panier\/","title":{"rendered":"Fer forg\u00e9 PANIER"},"content":{"rendered":"","protected":false},"excerpt":{"rendered":"<div class=\"field field-type-text field-field-description-produit\">\n<div class=\"field-items\">\n<div class=\"field-item odd\">\n<ul>\n<li><strong>Description : <\/strong>barreaux de fer forg\u00e9 Panier (noir mat ou bronze v\u00e9nition)\u00a0avec poteau Victorien ou Zen en ch\u00eane ou\u00a0\u00e9rable.<\/li>\n<li><strong>Escaliers : <\/strong>composantes pour escaliers disponibles.<\/li>\n<li><strong>Courbes et accessoires : <\/strong>accessoires d&rsquo;installation disponibles, les courbes ne sont pas disponibles pour cette s\u00e9rie.<\/li>\n<li><strong>Options : <\/strong>demi-poteaux disponibles. Vernissage de produits en usine avec suppl\u00e9ment.<\/li>\n<\/ul>\n<\/div>\n<\/div>\n<\/div>\n<div class=\"field field-type-text field-field-remarque-produit\">\n<div class=\"field-items\">\n<div class=\"field-item odd\">\n<p>*Prix estim\u00e9 d&rsquo;une balustrade pour 12 marches et section horizontale de 8 pieds Victorien ch\u00eane et barreaux de fer forg\u00e9 noir mat.\u00a0Marches et contremarches exclues. (PDSF : Prix de d\u00e9tail sugg\u00e9r\u00e9 par le fournisseur. Le d\u00e9taillant peut vendre \u00e0 un prix diff\u00e9rent.)<\/p>\n<\/div>\n<\/div>\n<\/div>\n","protected":false},"featured_media":4437,"comment_status":"open","ping_status":"closed","template":"","meta":{"om_disable_all_campaigns":false},"product_cat":[53,58],"product_tag":[],"acf":[],"aioseo_notices":[],"jetpack_publicize_connections":[],"_links":{"self":[{"href":"https:\/\/www.colonialelegance.com\/fr\/wp-json\/wp\/v2\/product\/1566"}],"collection":[{"href":"https:\/\/www.colonialelegance.com\/fr\/wp-json\/wp\/v2\/product"}],"about":[{"href":"https:\/\/www.colonialelegance.com\/fr\/wp-json\/wp\/v2\/types\/product"}],"replies":[{"embeddable":true,"href":"https:\/\/www.colonialelegance.com\/fr\/wp-json\/wp\/v2\/comments?post=1566"}],"wp:featuredmedia":[{"embeddable":true,"href":"https:\/\/www.colonialelegance.com\/fr\/wp-json\/wp\/v2\/media\/4437"}],"wp:attachment":[{"href":"https:\/\/www.colonialelegance.com\/fr\/wp-json\/wp\/v2\/media?parent=1566"}],"wp:term":[{"taxonomy":"product_cat","embeddable":true,"href":"https:\/\/www.colonialelegance.com\/fr\/wp-json\/wp\/v2\/product_cat?post=1566"},{"taxonomy":"product_tag","embeddable":true,"href":"https:\/\/www.colonialelegance.com\/fr\/wp-json\/wp\/v2\/product_tag?post=1566"}],"curies":[{"name":"wp","href":"https:\/\/api.w.org\/{rel}","templated":true}]}}