

{"id":1280,"date":"2015-06-05T12:03:47","date_gmt":"2015-06-05T16:03:47","guid":{"rendered":"http:\/\/www.colonialelegance.com\/product\/oakmont-3\/"},"modified":"2024-02-28T11:14:06","modified_gmt":"2024-02-28T16:14:06","slug":"oakmont","status":"publish","type":"product","link":"https:\/\/www.colonialelegance.com\/fr\/produit\/oakmont\/","title":{"rendered":"Mod\u00e8le Oakmont"},"content":{"rendered":"<p>Porte Design \u00e0 double paroi disponible en plusieures couleurs<\/p>\n","protected":false},"excerpt":{"rendered":"<div class=\"field field-type-text field-field-description-produit\">\n<div class=\"field-items\">\n<div class=\"field-item odd\">\n<ul>\n<li><strong>Mat\u00e9riel :<\/strong> panneau en PVC \u00e0 double parois de 4 1\/2&Prime; \u00e0 l&rsquo;\u00e9preuve des rayons UV.<\/li>\n<li><strong>D\u00e9tails :<\/strong> rail, poign\u00e9e et quincaillerie incluses. Pour une ouverture de 24&Prime; \u00e0 36&Prime; x 80 1\/2&Prime;. Peut \u00eatre coup\u00e9e \u00e0 la hauteur d\u00e9sir\u00e9e.<\/li>\n<li><strong>Options :<\/strong> loquet de porte disponible. Peut-\u00eatre install\u00e9e en porte double.<\/li>\n<li><strong>Dimensions :<\/strong> 24&Prime; \u00e0 36&Prime;\u00a0 x 80&Prime;. Portes sur mesure disponibles d&rsquo;une largeur de 24&Prime; \u00e0 192&Prime; jusqu&rsquo;\u00e0 96&Prime; de haut.<\/li>\n<\/ul>\n<\/div>\n<\/div>\n<\/div>\n<div class=\"field field-type-text field-field-remarque-produit\">\n<div class=\"field-items\">\n<div class=\"field-item odd\">\n<p><span class=\"asterix_txt\">*<\/span>Pour une porte accord\u00e9on de 24&Prime; \u00e0 36&Prime; x 80&Prime; en PVC.\u00a0 (PDSF : Prix de d\u00e9tail sugg\u00e9r\u00e9 par le fournisseur.\u00a0 Le d\u00e9taillant peut vendre \u00e0 un prix diff\u00e9rent).<\/p>\n<\/div>\n<\/div>\n<\/div>\n","protected":false},"featured_media":3419,"comment_status":"open","ping_status":"closed","template":"","meta":{"om_disable_all_campaigns":false},"product_cat":[81],"product_tag":[],"acf":[],"aioseo_notices":[],"jetpack_publicize_connections":[],"_links":{"self":[{"href":"https:\/\/www.colonialelegance.com\/fr\/wp-json\/wp\/v2\/product\/1280"}],"collection":[{"href":"https:\/\/www.colonialelegance.com\/fr\/wp-json\/wp\/v2\/product"}],"about":[{"href":"https:\/\/www.colonialelegance.com\/fr\/wp-json\/wp\/v2\/types\/product"}],"replies":[{"embeddable":true,"href":"https:\/\/www.colonialelegance.com\/fr\/wp-json\/wp\/v2\/comments?post=1280"}],"wp:featuredmedia":[{"embeddable":true,"href":"https:\/\/www.colonialelegance.com\/fr\/wp-json\/wp\/v2\/media\/3419"}],"wp:attachment":[{"href":"https:\/\/www.colonialelegance.com\/fr\/wp-json\/wp\/v2\/media?parent=1280"}],"wp:term":[{"taxonomy":"product_cat","embeddable":true,"href":"https:\/\/www.colonialelegance.com\/fr\/wp-json\/wp\/v2\/product_cat?post=1280"},{"taxonomy":"product_tag","embeddable":true,"href":"https:\/\/www.colonialelegance.com\/fr\/wp-json\/wp\/v2\/product_tag?post=1280"}],"curies":[{"name":"wp","href":"https:\/\/api.w.org\/{rel}","templated":true}]}}