

{"id":1220,"date":"2015-06-05T11:44:56","date_gmt":"2015-06-05T15:44:56","guid":{"rendered":"http:\/\/www.colonialelegance.com\/product\/deerglen-3\/"},"modified":"2024-02-28T10:58:16","modified_gmt":"2024-02-28T15:58:16","slug":"porte-moustiquaire-deerglen-composite","status":"publish","type":"product","link":"https:\/\/www.colonialelegance.com\/fr\/produit\/porte-moustiquaire-deerglen-composite\/","title":{"rendered":"Deerglen"},"content":{"rendered":"","protected":false},"excerpt":{"rendered":"<div class=\"field field-type-text field-field-description-produit\">\n<div class=\"field-items\">\n<div class=\"field-item odd\">\n<ul>\n<li><strong>Mat\u00e9riel :<\/strong> \u00e9paisseur de 1&Prime; en composite blanc de haute densit\u00e9, sans plomb avec protection UV.<\/li>\n<li><strong>D\u00e9tails :\u00a0<\/strong>cadre d&rsquo;une largeur de 3 1\/2&Prime; en haut et en bas, 2 1\/2&Prime; sur les c\u00f4t\u00e9s.\u00a0 Avec ornements victoriens, 6 barreaux tourn\u00e9s et panneau en bas.\u00a0 Moustiquaire int\u00e9gr\u00e9 en fibre de verre.<\/li>\n<li><strong>Dimensions :<\/strong> 32&Prime;, 33&Prime;, 34&Prime; ou 36&Prime; x 80&Prime;.\u00a0 Peut \u00eatre coup\u00e9e en hauteur et largeur pour s&rsquo;ajuster \u00e0 votre ouverture.<\/li>\n<\/ul>\n<\/div>\n<\/div>\n<\/div>\n<div class=\"field field-type-text field-field-remarque-produit\">\n<div class=\"field-items\">\n<div class=\"field-item odd\">\n<p><span class=\"asterix_txt\">*<\/span>Pour une porte moustiquaire de 34&Prime; x 80&Prime; en composite.\u00a0 (PDSF : Prix de d\u00e9tail sugg\u00e9r\u00e9 par le fournisseur.\u00a0 Le d\u00e9taillant peut vendre \u00e0 un prix diff\u00e9rent).<\/p>\n<\/div>\n<\/div>\n<\/div>\n","protected":false},"featured_media":507,"comment_status":"open","ping_status":"closed","template":"","meta":{"om_disable_all_campaigns":false},"product_cat":[457,71],"product_tag":[],"acf":[],"aioseo_notices":[],"jetpack_publicize_connections":[],"_links":{"self":[{"href":"https:\/\/www.colonialelegance.com\/fr\/wp-json\/wp\/v2\/product\/1220"}],"collection":[{"href":"https:\/\/www.colonialelegance.com\/fr\/wp-json\/wp\/v2\/product"}],"about":[{"href":"https:\/\/www.colonialelegance.com\/fr\/wp-json\/wp\/v2\/types\/product"}],"replies":[{"embeddable":true,"href":"https:\/\/www.colonialelegance.com\/fr\/wp-json\/wp\/v2\/comments?post=1220"}],"wp:featuredmedia":[{"embeddable":true,"href":"https:\/\/www.colonialelegance.com\/fr\/wp-json\/wp\/v2\/media\/507"}],"wp:attachment":[{"href":"https:\/\/www.colonialelegance.com\/fr\/wp-json\/wp\/v2\/media?parent=1220"}],"wp:term":[{"taxonomy":"product_cat","embeddable":true,"href":"https:\/\/www.colonialelegance.com\/fr\/wp-json\/wp\/v2\/product_cat?post=1220"},{"taxonomy":"product_tag","embeddable":true,"href":"https:\/\/www.colonialelegance.com\/fr\/wp-json\/wp\/v2\/product_tag?post=1220"}],"curies":[{"name":"wp","href":"https:\/\/api.w.org\/{rel}","templated":true}]}}