

{"id":1115,"date":"2015-06-05T13:22:21","date_gmt":"2015-06-05T17:22:21","guid":{"rendered":"http:\/\/www.colonialelegance.com\/product\/mission-2\/"},"modified":"2024-02-28T11:13:42","modified_gmt":"2024-02-28T16:13:42","slug":"mission-2","status":"publish","type":"product","link":"https:\/\/www.colonialelegance.com\/fr\/produit\/mission-2\/","title":{"rendered":"Mod\u00e8le Mission"},"content":{"rendered":"<p>Couvre-poteau d\u00e9coratif carr\u00e9 rainur\u00e9 en MDF pr\u00eat-\u00e0-peindre<\/p>\n","protected":false},"excerpt":{"rendered":"<div class=\"field field-type-text field-field-description-produit\">\n<div class=\"field-items\">\n<div class=\"field-item odd\">\n<ul>\n<li><strong>Mat\u00e9riel :<\/strong> structure carr\u00e9e, r\u00e9sistante en particules m\u00e9dium densit\u00e9 de 1\/4&Prime;. Naturel pour peindre<\/li>\n<li><strong>D\u00e9tails :<\/strong> moulures de finition incluses (haut et bas).\u00a0 Dimension int\u00e9rieure de 4 1\/2&Prime;<\/li>\n<li><strong>Dimensions : <\/strong>5 1\/4&Prime; x 96&Prime;.<\/li>\n<\/ul>\n<\/div>\n<\/div>\n<\/div>\n<div class=\"field field-type-text field-field-remarque-produit\">\n<div class=\"field-items\">\n<div class=\"field-item odd\">\n<p><span class=\"asterix_txt\">*<\/span>Pour un couvre-poteau de 5 1\/4&Prime; x 96&Prime; en MDF.\u00a0 (PDSF : Prix de d\u00e9tail sugg\u00e9r\u00e9 par le fournisseur.\u00a0 Le d\u00e9taillant peut vendre \u00e0 un prix diff\u00e9rent).<\/p>\n<\/div>\n<\/div>\n<\/div>\n","protected":false},"featured_media":648,"comment_status":"open","ping_status":"closed","template":"","meta":{"om_disable_all_campaigns":false},"product_cat":[97],"product_tag":[],"acf":[],"aioseo_notices":[],"jetpack_publicize_connections":[],"_links":{"self":[{"href":"https:\/\/www.colonialelegance.com\/fr\/wp-json\/wp\/v2\/product\/1115"}],"collection":[{"href":"https:\/\/www.colonialelegance.com\/fr\/wp-json\/wp\/v2\/product"}],"about":[{"href":"https:\/\/www.colonialelegance.com\/fr\/wp-json\/wp\/v2\/types\/product"}],"replies":[{"embeddable":true,"href":"https:\/\/www.colonialelegance.com\/fr\/wp-json\/wp\/v2\/comments?post=1115"}],"wp:featuredmedia":[{"embeddable":true,"href":"https:\/\/www.colonialelegance.com\/fr\/wp-json\/wp\/v2\/media\/648"}],"wp:attachment":[{"href":"https:\/\/www.colonialelegance.com\/fr\/wp-json\/wp\/v2\/media?parent=1115"}],"wp:term":[{"taxonomy":"product_cat","embeddable":true,"href":"https:\/\/www.colonialelegance.com\/fr\/wp-json\/wp\/v2\/product_cat?post=1115"},{"taxonomy":"product_tag","embeddable":true,"href":"https:\/\/www.colonialelegance.com\/fr\/wp-json\/wp\/v2\/product_tag?post=1115"}],"curies":[{"name":"wp","href":"https:\/\/api.w.org\/{rel}","templated":true}]}}