

{"id":1085,"date":"2015-06-05T09:39:48","date_gmt":"2015-06-05T13:39:48","guid":{"rendered":"http:\/\/www.colonialelegance.com\/product\/colonne-carre\/"},"modified":"2024-02-28T11:14:00","modified_gmt":"2024-02-28T16:14:00","slug":"colonne-carre","status":"publish","type":"product","link":"https:\/\/www.colonialelegance.com\/fr\/produit\/colonne-carre\/","title":{"rendered":"Mod\u00e8le Colonne Carr\u00e9e"},"content":{"rendered":"<p>Colonnes structurales carr\u00e9es cannel\u00e9es, sans entretien en aluminium blanc<\/p>\n","protected":false},"excerpt":{"rendered":"<div class=\"field field-type-text field-field-description-produit\">\n<div class=\"field-items\">\n<div class=\"field-item odd\">\n<ul>\n<li><strong>Mat\u00e9riel :<\/strong> aluminium recouvert d&rsquo;un rev\u00eatement de peinture en poudre blanche de qualit\u00e9, qui prot\u00e8ge contre les intemp\u00e9ries.<\/li>\n<li><strong>D\u00e9tails :<\/strong> cap &amp; base avec vis et \u00e9querres inclus, peut supporter une charge de 4 370 lbs \u00e0 8 300 lbs selon la dimension de la colonne.<\/li>\n<li><strong>Options :<\/strong>\u00a0aussi disponibles en noir, argile et brun commercial.\u00a0 Les colonnes peuvent \u00eatre coup\u00e9es en usine (l\u00e9ger suppl\u00e9ment).<\/li>\n<li><strong>Dimensions colonnes :<\/strong> 3 3\/4&Prime; x (8&prime; \u00e0 10&prime;), 5 1\/4&Prime; x (8&prime; \u00e0 10&prime;) et 7 1\/4&Prime; x (8&prime; \u00e0 10&prime;)<\/li>\n<\/ul>\n<\/div>\n<\/div>\n<\/div>\n<div class=\"field field-type-text field-field-remarque-produit\">\n<div class=\"field-items\">\n<div class=\"field-item odd\">\n<p><span class=\"asterix_txt\">*<\/span>Pour une colonne 5 1\/4&Prime; x 8&prime; en aluminium blanc.\u00a0 (PDSF : Prix de d\u00e9tail sugg\u00e9r\u00e9 par le fournisseur.\u00a0 Le d\u00e9taillant peut vendre \u00e0 un prix diff\u00e9rent).<\/p>\n<\/div>\n<\/div>\n<\/div>\n","protected":false},"featured_media":623,"comment_status":"open","ping_status":"closed","template":"","meta":{"om_disable_all_campaigns":false},"product_cat":[110],"product_tag":[],"acf":[],"aioseo_notices":[],"jetpack_publicize_connections":[],"_links":{"self":[{"href":"https:\/\/www.colonialelegance.com\/fr\/wp-json\/wp\/v2\/product\/1085"}],"collection":[{"href":"https:\/\/www.colonialelegance.com\/fr\/wp-json\/wp\/v2\/product"}],"about":[{"href":"https:\/\/www.colonialelegance.com\/fr\/wp-json\/wp\/v2\/types\/product"}],"replies":[{"embeddable":true,"href":"https:\/\/www.colonialelegance.com\/fr\/wp-json\/wp\/v2\/comments?post=1085"}],"wp:featuredmedia":[{"embeddable":true,"href":"https:\/\/www.colonialelegance.com\/fr\/wp-json\/wp\/v2\/media\/623"}],"wp:attachment":[{"href":"https:\/\/www.colonialelegance.com\/fr\/wp-json\/wp\/v2\/media?parent=1085"}],"wp:term":[{"taxonomy":"product_cat","embeddable":true,"href":"https:\/\/www.colonialelegance.com\/fr\/wp-json\/wp\/v2\/product_cat?post=1085"},{"taxonomy":"product_tag","embeddable":true,"href":"https:\/\/www.colonialelegance.com\/fr\/wp-json\/wp\/v2\/product_tag?post=1085"}],"curies":[{"name":"wp","href":"https:\/\/api.w.org\/{rel}","templated":true}]}}