

{"id":984,"date":"2015-06-04T15:36:49","date_gmt":"2015-06-04T19:36:49","guid":{"rendered":"http:\/\/www.colonialelegance.com\/product\/mural-cadre-fusion-2\/"},"modified":"2016-10-06T14:53:04","modified_gmt":"2016-10-06T18:53:04","slug":"porte-murale","status":"publish","type":"product","link":"http:\/\/www.colonialelegance.com\/fr\/produit\/porte-murale\/","title":{"rendered":"Porte murale"},"content":{"rendered":"","protected":false},"excerpt":{"rendered":"<div class=\"field field-type-text field-field-description-produit\">\n<div class=\"field-items\">\n<div class=\"field-item odd\">\n<ul>\n<li><strong>Cadre : <\/strong>contemporain de 2 1\/2&Prime; en MDF recouvert d&rsquo;une pellicule au fini bois<\/li>\n<li><strong>Insertion :<\/strong> choix d&rsquo;insertions de miroir, verre givr\u00e9 opaque, verre color\u00e9 opaque, fini bois ou \u00c9co<\/li>\n<li><strong>Type :<\/strong> coulissante murale sans rail au plancher<\/li>\n<li><strong>Dimensions :<\/strong> largeur de 24&Prime; \u00e0 36&Prime; et hauteur de 80 1\/2&Prime;<\/li>\n<\/ul>\n<\/div>\n<\/div>\n<\/div>\n<div class=\"field field-type-text field-field-remarque-produit\">\n<div class=\"field-items\">\n<div class=\"field-item odd\">\n<p><span class=\"asterix_txt\">*<\/span>Pour une porte simple standard coulissante murale de 24&Prime; x 80 1\/2&Prime; avec insertion de miroir clair. (PDSF : Prix de d\u00e9tail sugg\u00e9r\u00e9 par le fournisseur.\u00a0 Le d\u00e9taillant peut vendre \u00e8 un prix diff\u00e9rent)<\/p>\n<\/div>\n<\/div>\n<\/div>\n","protected":false},"featured_media":297,"comment_status":"open","ping_status":"closed","template":"","meta":{"om_disable_all_campaigns":false},"product_cat":[39],"product_tag":[],"acf":[],"aioseo_notices":[],"jetpack_publicize_connections":[],"_links":{"self":[{"href":"http:\/\/www.colonialelegance.com\/fr\/wp-json\/wp\/v2\/product\/984"}],"collection":[{"href":"http:\/\/www.colonialelegance.com\/fr\/wp-json\/wp\/v2\/product"}],"about":[{"href":"http:\/\/www.colonialelegance.com\/fr\/wp-json\/wp\/v2\/types\/product"}],"replies":[{"embeddable":true,"href":"http:\/\/www.colonialelegance.com\/fr\/wp-json\/wp\/v2\/comments?post=984"}],"wp:featuredmedia":[{"embeddable":true,"href":"http:\/\/www.colonialelegance.com\/fr\/wp-json\/wp\/v2\/media\/297"}],"wp:attachment":[{"href":"http:\/\/www.colonialelegance.com\/fr\/wp-json\/wp\/v2\/media?parent=984"}],"wp:term":[{"taxonomy":"product_cat","embeddable":true,"href":"http:\/\/www.colonialelegance.com\/fr\/wp-json\/wp\/v2\/product_cat?post=984"},{"taxonomy":"product_tag","embeddable":true,"href":"http:\/\/www.colonialelegance.com\/fr\/wp-json\/wp\/v2\/product_tag?post=984"}],"curies":[{"name":"wp","href":"https:\/\/api.w.org\/{rel}","templated":true}]}}