

{"id":5562,"date":"2022-04-19T13:34:47","date_gmt":"2022-04-19T18:00:24","guid":{"rendered":"http:\/\/www.colonialelegance.com\/?post_type=product&#038;p=5562"},"modified":"2024-02-28T10:07:20","modified_gmt":"2024-02-28T15:07:20","slug":"3-verres","status":"publish","type":"product","link":"http:\/\/www.colonialelegance.com\/fr\/produit\/3-verres\/","title":{"rendered":"Mod\u00e8le 3 Verres"},"content":{"rendered":"","protected":false},"excerpt":{"rendered":"<div class=\"field field-type-text field-field-description-produit\">\n<div class=\"field-items\">\n<div class=\"field-item odd\">\n<ul>\n<li><strong>Cadre :<\/strong> contemporain de 2 1\/2&Prime;\u00a0 en MDF recouvert d&rsquo;une pellicule au fini bois avec moulures horizontales.<\/li>\n<li><strong>Insertion :<\/strong> choix d&rsquo;insertions de verre givr\u00e9 opaque, verre color\u00e9 opaque ou fini bois.<\/li>\n<li><strong>Type :<\/strong> coulissante ou pliante.<\/li>\n<li><strong>Dimensions :<\/strong> largeur de 20&Prime; \u00e0 144&Prime; et hauteur jusqu&rsquo;\u00e0 96&Prime;.<\/li>\n<li>Commandez un ou plusieurs <strong><a href=\"http:\/\/www.colonialelegance.com\/fr\/echantillons\/\">\u00e9chantillons gratuits<\/a><\/strong> de couleur.<\/li>\n<\/ul>\n<\/div>\n<\/div>\n<\/div>\n<div class=\"field field-type-text field-field-remarque-produit\">\n<div class=\"field-items\">\n<div class=\"field-item odd\">\n<p><span class=\"asterix_txt\">*<\/span>Pour une porte standard coulissante de 48&Prime; x 80 1\/2&Prime; avec insertion de verre givr\u00e9 opaque. (PDSF : Prix de d\u00e9tail sugg\u00e9r\u00e9 par le fournisseur.\u00a0 Le d\u00e9taillant peut vendre \u00e0 un prix diff\u00e9rent)<\/p>\n<\/div>\n<\/div>\n<\/div>\n","protected":false},"featured_media":5583,"comment_status":"open","ping_status":"closed","template":"","meta":{"om_disable_all_campaigns":false},"product_cat":[41],"product_tag":[],"acf":[],"aioseo_notices":[],"jetpack_publicize_connections":[],"_links":{"self":[{"href":"http:\/\/www.colonialelegance.com\/fr\/wp-json\/wp\/v2\/product\/5562"}],"collection":[{"href":"http:\/\/www.colonialelegance.com\/fr\/wp-json\/wp\/v2\/product"}],"about":[{"href":"http:\/\/www.colonialelegance.com\/fr\/wp-json\/wp\/v2\/types\/product"}],"replies":[{"embeddable":true,"href":"http:\/\/www.colonialelegance.com\/fr\/wp-json\/wp\/v2\/comments?post=5562"}],"wp:featuredmedia":[{"embeddable":true,"href":"http:\/\/www.colonialelegance.com\/fr\/wp-json\/wp\/v2\/media\/5583"}],"wp:attachment":[{"href":"http:\/\/www.colonialelegance.com\/fr\/wp-json\/wp\/v2\/media?parent=5562"}],"wp:term":[{"taxonomy":"product_cat","embeddable":true,"href":"http:\/\/www.colonialelegance.com\/fr\/wp-json\/wp\/v2\/product_cat?post=5562"},{"taxonomy":"product_tag","embeddable":true,"href":"http:\/\/www.colonialelegance.com\/fr\/wp-json\/wp\/v2\/product_tag?post=5562"}],"curies":[{"name":"wp","href":"https:\/\/api.w.org\/{rel}","templated":true}]}}