

{"id":5545,"date":"2022-04-19T12:25:54","date_gmt":"2022-04-19T16:25:54","guid":{"rendered":"http:\/\/www.colonialelegance.com\/?post_type=product&#038;p=5545"},"modified":"2024-02-28T10:07:35","modified_gmt":"2024-02-28T15:07:35","slug":"modele-countryside-copy","status":"publish","type":"product","link":"http:\/\/www.colonialelegance.com\/fr\/produit\/modele-countryside-copy\/","title":{"rendered":"Mod\u00e8le Countryside (Copy)"},"content":{"rendered":"","protected":false},"excerpt":{"rendered":"<div class=\"field field-type-text field-field-description-produit\">\n<div class=\"field-items\">\n<div class=\"field-item odd\">\n<ul>\n<li>\n<div class=\"field field-type-text field-field-description-produit\">\n<div class=\"field-items\">\n<div class=\"field-item odd\">\n<ul>\n<li><strong>Cadre :<\/strong> contemporain de 2 1\/2&Prime; en MDF recouvert d&rsquo;une pellicule au fini bois.<\/li>\n<li><strong>Insertion :<\/strong> insertions\u00a0fini bois.<\/li>\n<li><strong>Type :<\/strong> coulissante.<\/li>\n<li><strong>Dimensions :<\/strong> largeur de 20&Prime; \u00e0 144&Prime; et hauteur jusqu&rsquo;\u00e0 96&Prime;.<\/li>\n<li>Commandez un ou plusieurs <strong><a href=\"http:\/\/www.colonialelegance.com\/fr\/echantillons\/\">\u00e9chantillons gratuits<\/a><\/strong> de couleur.<\/li>\n<\/ul>\n<\/div>\n<\/div>\n<\/div>\n<div class=\"field field-type-text field-field-remarque-produit\">\n<div class=\"field-items\">\n<div class=\"field-item odd\">\n<p><span class=\"asterix_txt\">*<\/span>Pour une porte standard coulissante de 48&Prime; x 80 1\/2&Prime; avec insertion fini antique. (PDSF : Prix de d\u00e9tail sugg\u00e9r\u00e9 par le fournisseur. Le d\u00e9taillant peut vendre \u00e0 un prix diff\u00e9rent)<\/p>\n<\/div>\n<\/div>\n<\/div>\n<\/li>\n<\/ul>\n<\/div>\n<\/div>\n<\/div>\n","protected":false},"featured_media":2498,"comment_status":"open","ping_status":"closed","template":"","meta":{"om_disable_all_campaigns":false},"product_cat":[41,39],"product_tag":[],"acf":[],"aioseo_notices":[],"jetpack_publicize_connections":[],"_links":{"self":[{"href":"http:\/\/www.colonialelegance.com\/fr\/wp-json\/wp\/v2\/product\/5545"}],"collection":[{"href":"http:\/\/www.colonialelegance.com\/fr\/wp-json\/wp\/v2\/product"}],"about":[{"href":"http:\/\/www.colonialelegance.com\/fr\/wp-json\/wp\/v2\/types\/product"}],"replies":[{"embeddable":true,"href":"http:\/\/www.colonialelegance.com\/fr\/wp-json\/wp\/v2\/comments?post=5545"}],"wp:featuredmedia":[{"embeddable":true,"href":"http:\/\/www.colonialelegance.com\/fr\/wp-json\/wp\/v2\/media\/2498"}],"wp:attachment":[{"href":"http:\/\/www.colonialelegance.com\/fr\/wp-json\/wp\/v2\/media?parent=5545"}],"wp:term":[{"taxonomy":"product_cat","embeddable":true,"href":"http:\/\/www.colonialelegance.com\/fr\/wp-json\/wp\/v2\/product_cat?post=5545"},{"taxonomy":"product_tag","embeddable":true,"href":"http:\/\/www.colonialelegance.com\/fr\/wp-json\/wp\/v2\/product_tag?post=5545"}],"curies":[{"name":"wp","href":"https:\/\/api.w.org\/{rel}","templated":true}]}}