

{"id":4918,"date":"2020-01-21T09:13:02","date_gmt":"2020-01-21T14:13:03","guid":{"rendered":"http:\/\/www.colonialelegance.com\/?post_type=product&#038;p=4918"},"modified":"2024-02-28T10:25:27","modified_gmt":"2024-02-28T15:25:27","slug":"modele-glacier","status":"publish","type":"product","link":"http:\/\/www.colonialelegance.com\/fr\/produit\/modele-glacier\/","title":{"rendered":"Mod\u00e8le Glacier"},"content":{"rendered":"<p>La porte Glacier vous offre ce qu&rsquo;il y a de plus contemporain. Cette porte joue avec la lumi\u00e8re, les r\u00e9flexion et la transparence, elle saura plaire aux amateurs du style contemporain.<\/p>\n","protected":false},"excerpt":{"rendered":"<div class=\"field field-type-text field-field-description-produit\">\n<div class=\"field-items\">\n<div class=\"field-item odd\">\n<ul>\n<li>Porte enti\u00e8rement en verre givr\u00e9 tremp\u00e9, niveau d&rsquo;intimit\u00e9 7<\/li>\n<li>Porte pr\u00e9-perc\u00e9e pour l&rsquo;installation des roulettes et de la poign\u00e9e<\/li>\n<li>Porte enti\u00e8rement assembl\u00e9e, aucune finition requise<\/li>\n<li>Dimensions de la porte: Largeur 33 po ou 37 po &#8211; \u00c9paisseur 3\/8 po &#8211; Hauteur 84 po<\/li>\n<li>Dimensions du rail coulissant: Longeur 78 3\/4 po &#8211; Hauteur 8 1\/4 po &#8211; Diam\u00e8tre 2 1\/8 po<\/li>\n<li>Roulettes haut de gamme ultra-silencieuses<\/li>\n<li>Acier inoxydable bross\u00e9 durable pour l&rsquo;int\u00e9rieur seulement<\/li>\n<li>Le kit de porte s&rsquo;installe au-dessus d&rsquo;une ouverture finie jusqu&rsquo;\u00e0 32 po ou 36 po de large x 80 1\/2 po de haut<\/li>\n<li>Poign\u00e9e au fini assorti incluse<\/li>\n<\/ul>\n<\/div>\n<\/div>\n<\/div>\n<div class=\"field field-type-text field-field-remarque-produit\">\n<div class=\"field-items\"><\/div>\n<\/div>\n","protected":false},"featured_media":4923,"comment_status":"open","ping_status":"closed","template":"","meta":{"om_disable_all_campaigns":false},"product_cat":[1192],"product_tag":[],"acf":[],"aioseo_notices":[],"jetpack_publicize_connections":[],"_links":{"self":[{"href":"http:\/\/www.colonialelegance.com\/fr\/wp-json\/wp\/v2\/product\/4918"}],"collection":[{"href":"http:\/\/www.colonialelegance.com\/fr\/wp-json\/wp\/v2\/product"}],"about":[{"href":"http:\/\/www.colonialelegance.com\/fr\/wp-json\/wp\/v2\/types\/product"}],"replies":[{"embeddable":true,"href":"http:\/\/www.colonialelegance.com\/fr\/wp-json\/wp\/v2\/comments?post=4918"}],"wp:featuredmedia":[{"embeddable":true,"href":"http:\/\/www.colonialelegance.com\/fr\/wp-json\/wp\/v2\/media\/4923"}],"wp:attachment":[{"href":"http:\/\/www.colonialelegance.com\/fr\/wp-json\/wp\/v2\/media?parent=4918"}],"wp:term":[{"taxonomy":"product_cat","embeddable":true,"href":"http:\/\/www.colonialelegance.com\/fr\/wp-json\/wp\/v2\/product_cat?post=4918"},{"taxonomy":"product_tag","embeddable":true,"href":"http:\/\/www.colonialelegance.com\/fr\/wp-json\/wp\/v2\/product_tag?post=4918"}],"curies":[{"name":"wp","href":"https:\/\/api.w.org\/{rel}","templated":true}]}}