

{"id":4913,"date":"2020-01-21T09:10:00","date_gmt":"2020-01-21T14:10:01","guid":{"rendered":"http:\/\/www.colonialelegance.com\/?post_type=product&#038;p=4913"},"modified":"2024-02-28T10:25:32","modified_gmt":"2024-02-28T15:25:32","slug":"modele-concorde","status":"publish","type":"product","link":"http:\/\/www.colonialelegance.com\/fr\/produit\/modele-concorde\/","title":{"rendered":"Mod\u00e8le Concorde"},"content":{"rendered":"<p>La Collection Metro marie une esth\u00e9tique moderne et industrielle. Ses produits jouent avec une division de l\u2019espace par des lignes verticales, horizontales ou en quadrill\u00e9. Des mat\u00e9riaux francs, tels le verre et l\u2019acier, assurent que la porte Concorde perdure dans le temps.<\/p>\n","protected":false},"excerpt":{"rendered":"<div class=\"field field-type-text field-field-description-produit\">\n<div class=\"field-items\">\n<div class=\"field-item odd\">\n<ul>\n<li>Porte en acier avec finition durable noire en poudre pour installation int\u00e9rieure seulement<\/li>\n<li>Verre givr\u00e9 tremp\u00e9, niveau d&rsquo;intimit\u00e9 7 ou verre clair tremp\u00e9, niveau d&rsquo;intimit\u00e9 0<\/li>\n<li>Porte enti\u00e8rement assembl\u00e9e, aucune finition requise<\/li>\n<li>Dimensions de la porte: Largeur 37 po &#8211; \u00c9paisseur 1 3\/16 po &#8211; Hauteur 84 po<\/li>\n<li>Dimensions du rail coulissant: Longeur 78 3\/4 po &#8211; Hauteur 4 3\/4 po &#8211; Diam\u00e8tre 2 3\/4 po<\/li>\n<li>Roulettes haut de gamme ultra-silencieuses<\/li>\n<li>Rail en acier avec finition durable noire en poudre pour installation int\u00e9rieure seulement<\/li>\n<li>Le kit de porte s&rsquo;installe au-dessus d&rsquo;une ouverture finie jusqu&rsquo;\u00e0 36 po de large x 80 1\/2 po de haut<\/li>\n<li>Poign\u00e9e vendue s\u00e9par\u00e9ment<\/li>\n<\/ul>\n<\/div>\n<\/div>\n<\/div>\n<div class=\"field field-type-text field-field-remarque-produit\">\n<div class=\"field-items\"><\/div>\n<\/div>\n","protected":false},"featured_media":4881,"comment_status":"open","ping_status":"closed","template":"","meta":{"om_disable_all_campaigns":false},"product_cat":[1192],"product_tag":[],"acf":[],"aioseo_notices":[],"jetpack_publicize_connections":[],"_links":{"self":[{"href":"http:\/\/www.colonialelegance.com\/fr\/wp-json\/wp\/v2\/product\/4913"}],"collection":[{"href":"http:\/\/www.colonialelegance.com\/fr\/wp-json\/wp\/v2\/product"}],"about":[{"href":"http:\/\/www.colonialelegance.com\/fr\/wp-json\/wp\/v2\/types\/product"}],"replies":[{"embeddable":true,"href":"http:\/\/www.colonialelegance.com\/fr\/wp-json\/wp\/v2\/comments?post=4913"}],"wp:featuredmedia":[{"embeddable":true,"href":"http:\/\/www.colonialelegance.com\/fr\/wp-json\/wp\/v2\/media\/4881"}],"wp:attachment":[{"href":"http:\/\/www.colonialelegance.com\/fr\/wp-json\/wp\/v2\/media?parent=4913"}],"wp:term":[{"taxonomy":"product_cat","embeddable":true,"href":"http:\/\/www.colonialelegance.com\/fr\/wp-json\/wp\/v2\/product_cat?post=4913"},{"taxonomy":"product_tag","embeddable":true,"href":"http:\/\/www.colonialelegance.com\/fr\/wp-json\/wp\/v2\/product_tag?post=4913"}],"curies":[{"name":"wp","href":"https:\/\/api.w.org\/{rel}","templated":true}]}}