

{"id":4363,"date":"2017-10-13T08:58:44","date_gmt":"2017-10-13T12:58:45","guid":{"rendered":"http:\/\/www.colonialelegance.com\/?post_type=product&#038;p=4363\/"},"modified":"2017-12-18T11:31:05","modified_gmt":"2017-12-18T16:31:05","slug":"separateur_de_piece","status":"publish","type":"product","link":"http:\/\/www.colonialelegance.com\/fr\/produit\/separateur_de_piece\/","title":{"rendered":"S\u00e9parateur de pi\u00e8ce Oslo"},"content":{"rendered":"","protected":false},"excerpt":{"rendered":"<div class=\"field field-type-text field-field-description-produit\">\n<div class=\"field-items\">\n<div class=\"field-item odd\">\n<ul>\n<li><strong>Mat\u00e9riel : <\/strong>MDF recouvert de vinyle et m\u00e9tal noir.<\/li>\n<li><strong>D\u00e9tails:<\/strong> s\u00e9parateur de pi\u00e8ce id\u00e9al pour cr\u00e9er des divisions visuelles tout en laissant passer la lumi\u00e8re.<\/li>\n<li><strong>Dimensions: <\/strong>24&Prime; et 36&Prime; de large pour des plafonds jusqu&rsquo;\u00e0 96&Prime; de hauteur (\u00e9galement disponible en 36&Prime; de large).<\/li>\n<\/ul>\n<\/div>\n<\/div>\n<\/div>\n<div class=\"field field-type-text field-field-remarque-produit\">\n<div class=\"field-items\">\n<div class=\"field-item odd\">\n<p><span class=\"asterix_txt\">*<\/span>(PDSF : Prix de d\u00e9tail sugg\u00e9r\u00e9 par le fournisseur. Le d\u00e9taillant peut vendre \u00e0 un prix diff\u00e9rent)<\/p>\n<\/div>\n<\/div>\n<\/div>\n","protected":false},"featured_media":4326,"comment_status":"open","ping_status":"closed","template":"","meta":{"om_disable_all_campaigns":false},"product_cat":[1190,1188],"product_tag":[],"acf":[],"aioseo_notices":[],"jetpack_publicize_connections":[],"_links":{"self":[{"href":"http:\/\/www.colonialelegance.com\/fr\/wp-json\/wp\/v2\/product\/4363"}],"collection":[{"href":"http:\/\/www.colonialelegance.com\/fr\/wp-json\/wp\/v2\/product"}],"about":[{"href":"http:\/\/www.colonialelegance.com\/fr\/wp-json\/wp\/v2\/types\/product"}],"replies":[{"embeddable":true,"href":"http:\/\/www.colonialelegance.com\/fr\/wp-json\/wp\/v2\/comments?post=4363"}],"wp:featuredmedia":[{"embeddable":true,"href":"http:\/\/www.colonialelegance.com\/fr\/wp-json\/wp\/v2\/media\/4326"}],"wp:attachment":[{"href":"http:\/\/www.colonialelegance.com\/fr\/wp-json\/wp\/v2\/media?parent=4363"}],"wp:term":[{"taxonomy":"product_cat","embeddable":true,"href":"http:\/\/www.colonialelegance.com\/fr\/wp-json\/wp\/v2\/product_cat?post=4363"},{"taxonomy":"product_tag","embeddable":true,"href":"http:\/\/www.colonialelegance.com\/fr\/wp-json\/wp\/v2\/product_tag?post=4363"}],"curies":[{"name":"wp","href":"https:\/\/api.w.org\/{rel}","templated":true}]}}