

{"id":4351,"date":"2017-10-10T12:49:45","date_gmt":"2017-10-10T16:49:47","guid":{"rendered":"http:\/\/www.colonialelegance.com\/?post_type=product&#038;p=4351\/"},"modified":"2017-10-16T09:45:40","modified_gmt":"2017-10-16T13:45:40","slug":"recouvrement_mural","status":"publish","type":"product","link":"http:\/\/www.colonialelegance.com\/fr\/produit\/recouvrement_mural\/","title":{"rendered":"Bois de Grange"},"content":{"rendered":"","protected":false},"excerpt":{"rendered":"<div class=\"field field-type-text field-field-description-produit\">\n<div class=\"field-items\">\n<div class=\"field-item odd\">\n<ul>\n<li><strong>Mat\u00e9riel : <\/strong>pin et \u00e9pinette.<\/li>\n<li><strong>D\u00e9tails:<\/strong> notre bois de grange comporte de riches variations de textures, couleurs, formes et certaines imperfections propre au bois de grange, afin de rendre chaque pi\u00e8ce unique et rehausser l&rsquo;authenticit\u00e9 de ce bois naturel.<\/li>\n<li><strong>Dimensions: <\/strong>chaque bo\u00eete couvre une superficie de 17.6 pied carr\u00e9. Les planches mesurent 48&Prime; de long, 5\/8&Prime; d&rsquo;\u00e9pais et ont des largeurs al\u00e9atoires de 3 1\/4&Prime; &#8211; 5 1\/4&Prime; &#8211; 7 1\/4&Prime;.<\/li>\n<\/ul>\n<\/div>\n<\/div>\n<\/div>\n<div class=\"field field-type-text field-field-remarque-produit\">\n<div class=\"field-items\">\n<div class=\"field-item odd\">\n<p><span class=\"asterix_txt\">*<\/span>(PDSF : Prix de d\u00e9tail sugg\u00e9r\u00e9 par le fournisseur. Le d\u00e9taillant peut vendre \u00e0 un prix diff\u00e9rent)<\/p>\n<\/div>\n<\/div>\n<\/div>\n","protected":false},"featured_media":4314,"comment_status":"open","ping_status":"closed","template":"","meta":{"om_disable_all_campaigns":false},"product_cat":[1190],"product_tag":[],"acf":[],"aioseo_notices":[],"jetpack_publicize_connections":[],"_links":{"self":[{"href":"http:\/\/www.colonialelegance.com\/fr\/wp-json\/wp\/v2\/product\/4351"}],"collection":[{"href":"http:\/\/www.colonialelegance.com\/fr\/wp-json\/wp\/v2\/product"}],"about":[{"href":"http:\/\/www.colonialelegance.com\/fr\/wp-json\/wp\/v2\/types\/product"}],"replies":[{"embeddable":true,"href":"http:\/\/www.colonialelegance.com\/fr\/wp-json\/wp\/v2\/comments?post=4351"}],"wp:featuredmedia":[{"embeddable":true,"href":"http:\/\/www.colonialelegance.com\/fr\/wp-json\/wp\/v2\/media\/4314"}],"wp:attachment":[{"href":"http:\/\/www.colonialelegance.com\/fr\/wp-json\/wp\/v2\/media?parent=4351"}],"wp:term":[{"taxonomy":"product_cat","embeddable":true,"href":"http:\/\/www.colonialelegance.com\/fr\/wp-json\/wp\/v2\/product_cat?post=4351"},{"taxonomy":"product_tag","embeddable":true,"href":"http:\/\/www.colonialelegance.com\/fr\/wp-json\/wp\/v2\/product_tag?post=4351"}],"curies":[{"name":"wp","href":"https:\/\/api.w.org\/{rel}","templated":true}]}}