

{"id":3900,"date":"2017-01-31T14:57:43","date_gmt":"2017-01-31T19:57:44","guid":{"rendered":"http:\/\/www.colonialelegance.com\/fr\/produit\/porte-5-lite\/"},"modified":"2024-02-28T10:29:53","modified_gmt":"2024-02-28T15:29:53","slug":"porte-5-verres","status":"publish","type":"product","link":"http:\/\/www.colonialelegance.com\/fr\/produit\/porte-5-verres\/","title":{"rendered":"Mod\u00e8le 5 Verres"},"content":{"rendered":"","protected":false},"excerpt":{"rendered":"<div class=\"field field-type-text field-field-description-produit\">\n<div class=\"field-items\">\n<div class=\"field-item odd\">\n<ul>\n<li><strong>Mat\u00e9riel : <\/strong>pin clair naturel de qualit\u00e9 avec 5 insertions de verre givr\u00e9.<\/li>\n<li><strong>D\u00e9tails :<\/strong> les portes sont vendues non fini, pr\u00eate \u00e0 teindre, vernir ou peindre.<\/li>\n<li><strong>Dimensions :<\/strong> 33&Prime;, 37&Prime; ou 42&Prime; x 84\u00a0\u00bb. \u00c9paisseur de 1-3\/8&Prime;.<\/li>\n<\/ul>\n<\/div>\n<\/div>\n<\/div>\n<div class=\"field field-type-text field-field-remarque-produit\">\n<div class=\"field-items\">\n<div class=\"field-item odd\">\n<p><span class=\"asterix_txt\">*<\/span>Syst\u00e8me de rail complet et poign\u00e9e vendus s\u00e9par\u00e9ment. (PDSF : Prix de d\u00e9tail sugg\u00e9r\u00e9 par le fournisseur. Le d\u00e9taillant peut vendre \u00e0 un prix diff\u00e9rent)<\/p>\n<\/div>\n<\/div>\n<\/div>\n","protected":false},"featured_media":4571,"comment_status":"open","ping_status":"closed","template":"","meta":{"om_disable_all_campaigns":false},"product_cat":[870,846],"product_tag":[],"acf":[],"aioseo_notices":[],"jetpack_publicize_connections":[],"_links":{"self":[{"href":"http:\/\/www.colonialelegance.com\/fr\/wp-json\/wp\/v2\/product\/3900"}],"collection":[{"href":"http:\/\/www.colonialelegance.com\/fr\/wp-json\/wp\/v2\/product"}],"about":[{"href":"http:\/\/www.colonialelegance.com\/fr\/wp-json\/wp\/v2\/types\/product"}],"replies":[{"embeddable":true,"href":"http:\/\/www.colonialelegance.com\/fr\/wp-json\/wp\/v2\/comments?post=3900"}],"wp:featuredmedia":[{"embeddable":true,"href":"http:\/\/www.colonialelegance.com\/fr\/wp-json\/wp\/v2\/media\/4571"}],"wp:attachment":[{"href":"http:\/\/www.colonialelegance.com\/fr\/wp-json\/wp\/v2\/media?parent=3900"}],"wp:term":[{"taxonomy":"product_cat","embeddable":true,"href":"http:\/\/www.colonialelegance.com\/fr\/wp-json\/wp\/v2\/product_cat?post=3900"},{"taxonomy":"product_tag","embeddable":true,"href":"http:\/\/www.colonialelegance.com\/fr\/wp-json\/wp\/v2\/product_tag?post=3900"}],"curies":[{"name":"wp","href":"https:\/\/api.w.org\/{rel}","templated":true}]}}