

{"id":2416,"date":"2015-08-21T15:10:57","date_gmt":"2015-08-21T19:10:58","guid":{"rendered":""},"modified":"2024-02-28T10:08:01","modified_gmt":"2024-02-28T15:08:01","slug":"modele-4-verres","status":"publish","type":"product","link":"http:\/\/www.colonialelegance.com\/fr\/produit\/modele-4-verres\/","title":{"rendered":"Mod\u00e8le 4 Verres"},"content":{"rendered":"","protected":false},"excerpt":{"rendered":"<div class=\"field field-type-text field-field-description-produit\">\n<div class=\"field-items\">\n<div class=\"field-item odd\">\n<ul>\n<li><strong>Cadre :<\/strong> Encadrement en MDF de 2 1\/2&Prime; recouvert d&rsquo;une pellicule de vinyle ultra r\u00e9sistante.<\/li>\n<li><strong>Insertion :<\/strong> choix d&rsquo;insertions de miroir, verre givr\u00e9 opaque ou verre color\u00e9.<\/li>\n<li><strong>Type :<\/strong> coulissante ou pliante.<\/li>\n<li><strong>Dimensions :<\/strong> largeur de 20&Prime; \u00e0 144&Prime; et hauteur jusqu&rsquo;\u00e0 96&Prime;.<\/li>\n<li>Commandez un ou plusieurs <strong><a href=\"http:\/\/www.colonialelegance.com\/fr\/echantillons\/\">\u00e9chantillons gratuits<\/a><\/strong> de couleur.<\/li>\n<\/ul>\n<\/div>\n<\/div>\n<\/div>\n<div class=\"field field-type-text field-field-remarque-produit\">\n<div class=\"field-items\">\n<div class=\"field-item odd\">\n<p><span class=\"asterix_txt\">*<\/span>Pour une porte standard coulissante de 48&Prime; x 80 1\/2&Prime; avec insertion de verre givr\u00e9 opaque. (PDSF : Prix de d\u00e9tail sugg\u00e9r\u00e9 par le fournisseur.\u00a0 Le d\u00e9taillant peut vendre \u00e0 un prix diff\u00e9rent)<\/p>\n<\/div>\n<\/div>\n<\/div>\n","protected":false},"featured_media":5591,"comment_status":"open","ping_status":"closed","template":"","meta":{"om_disable_all_campaigns":false},"product_cat":[41,39],"product_tag":[],"acf":[],"aioseo_notices":[],"jetpack_publicize_connections":[],"_links":{"self":[{"href":"http:\/\/www.colonialelegance.com\/fr\/wp-json\/wp\/v2\/product\/2416"}],"collection":[{"href":"http:\/\/www.colonialelegance.com\/fr\/wp-json\/wp\/v2\/product"}],"about":[{"href":"http:\/\/www.colonialelegance.com\/fr\/wp-json\/wp\/v2\/types\/product"}],"replies":[{"embeddable":true,"href":"http:\/\/www.colonialelegance.com\/fr\/wp-json\/wp\/v2\/comments?post=2416"}],"wp:featuredmedia":[{"embeddable":true,"href":"http:\/\/www.colonialelegance.com\/fr\/wp-json\/wp\/v2\/media\/5591"}],"wp:attachment":[{"href":"http:\/\/www.colonialelegance.com\/fr\/wp-json\/wp\/v2\/media?parent=2416"}],"wp:term":[{"taxonomy":"product_cat","embeddable":true,"href":"http:\/\/www.colonialelegance.com\/fr\/wp-json\/wp\/v2\/product_cat?post=2416"},{"taxonomy":"product_tag","embeddable":true,"href":"http:\/\/www.colonialelegance.com\/fr\/wp-json\/wp\/v2\/product_tag?post=2416"}],"curies":[{"name":"wp","href":"https:\/\/api.w.org\/{rel}","templated":true}]}}