

{"id":2334,"date":"2015-08-21T11:09:12","date_gmt":"2015-08-21T15:09:12","guid":{"rendered":""},"modified":"2017-05-12T11:10:43","modified_gmt":"2017-05-12T15:10:43","slug":"fer-forge-tuscan","status":"publish","type":"product","link":"http:\/\/www.colonialelegance.com\/fr\/produit\/fer-forge-tuscan\/","title":{"rendered":"Fer forg\u00e9 TUSCAN"},"content":{"rendered":"","protected":false},"excerpt":{"rendered":"<div class=\"field field-type-text field-field-description-produit\">\n<div class=\"field-items\">\n<div class=\"field-item odd\">\n<ul>\n<li><strong>Description :<\/strong>\u00a0barreaux de fer forg\u00e9 Tuscan noir mat.\u00a0Poteau Victorien ou Zen disponible\u00a0en ch\u00eane ou \u00e9rable.<\/li>\n<li><strong>Escaliers :<\/strong>\u00a0composantes pour escaliers disponibles.<\/li>\n<li><strong>Courbes et accessoires :<\/strong>\u00a0accessoires d&rsquo;installation disponibles, les courbes ne sont pas disponibles pour cette s\u00e9rie.<\/li>\n<li><strong>Options :<\/strong>\u00a0demi-poteaux disponibles. Vernissage de produits en usine avec suppl\u00e9ment.<\/li>\n<\/ul>\n<\/div>\n<\/div>\n<\/div>\n<div class=\"field field-type-text field-field-remarque-produit\">\n<div class=\"field-items\">\n<div class=\"field-item odd\">\n<p>*Prix estim\u00e9 d&rsquo;une balustrade pour 12 marches et section horizontale de 8 pieds en \u00e9rable victorien.\u00a0Marches et contremarches exclues. (PDSF : Prix de d\u00e9tail sugg\u00e9r\u00e9 par le fournisseur. Le d\u00e9taillant peut vendre \u00e0 un prix diff\u00e9rent.)<\/p>\n<\/div>\n<\/div>\n<\/div>\n","protected":false},"featured_media":2396,"comment_status":"open","ping_status":"closed","template":"","meta":{"om_disable_all_campaigns":false},"product_cat":[53,58],"product_tag":[],"acf":[],"aioseo_notices":[],"jetpack_publicize_connections":[],"_links":{"self":[{"href":"http:\/\/www.colonialelegance.com\/fr\/wp-json\/wp\/v2\/product\/2334"}],"collection":[{"href":"http:\/\/www.colonialelegance.com\/fr\/wp-json\/wp\/v2\/product"}],"about":[{"href":"http:\/\/www.colonialelegance.com\/fr\/wp-json\/wp\/v2\/types\/product"}],"replies":[{"embeddable":true,"href":"http:\/\/www.colonialelegance.com\/fr\/wp-json\/wp\/v2\/comments?post=2334"}],"wp:featuredmedia":[{"embeddable":true,"href":"http:\/\/www.colonialelegance.com\/fr\/wp-json\/wp\/v2\/media\/2396"}],"wp:attachment":[{"href":"http:\/\/www.colonialelegance.com\/fr\/wp-json\/wp\/v2\/media?parent=2334"}],"wp:term":[{"taxonomy":"product_cat","embeddable":true,"href":"http:\/\/www.colonialelegance.com\/fr\/wp-json\/wp\/v2\/product_cat?post=2334"},{"taxonomy":"product_tag","embeddable":true,"href":"http:\/\/www.colonialelegance.com\/fr\/wp-json\/wp\/v2\/product_tag?post=2334"}],"curies":[{"name":"wp","href":"https:\/\/api.w.org\/{rel}","templated":true}]}}