

{"id":2042,"date":"2015-06-05T11:22:52","date_gmt":"2015-06-05T15:22:52","guid":{"rendered":"http:\/\/www.colonialelegance.com\/product\/modele-en-kit-2\/"},"modified":"2024-02-26T10:27:46","modified_gmt":"2024-02-26T15:27:46","slug":"modele-en-kit-2","status":"publish","type":"product","link":"http:\/\/www.colonialelegance.com\/fr\/produit\/modele-en-kit-2\/","title":{"rendered":"Mod\u00e8le En Kit"},"content":{"rendered":"<p>B\u00e2ti pour porte escamotable \u00e9conomique pour bricoleur<\/p>\n","protected":false},"excerpt":{"rendered":"<div class=\"field field-type-text field-field-description-produit\">\n<div class=\"field-items\">\n<div class=\"field-item odd\">\n<ul>\n<li><strong>B\u00e2ti : <\/strong>en acier et pin.<\/li>\n<li><strong>Sp\u00e9cifications pour portes :<\/strong>\u00a0de 1 1\/8&Prime; \u00e0 1 3\/8&Prime; d&rsquo;\u00e9paisseur.\u00a0 Supporte jusqu&rsquo;\u00e0 125 lbs.<\/li>\n<li><strong>Dimensions :<\/strong> grandeur universelle de 24&Prime; \u00e0 36&Prime; x 80&Prime;.<\/li>\n<\/ul>\n<\/div>\n<\/div>\n<\/div>\n<div class=\"field field-type-text field-field-remarque-produit\">\n<div class=\"field-items\">\n<div class=\"field-item odd\">\n<p><span class=\"asterix_txt\">*<\/span>Pour un b\u00e2ti de porte escamotable en kit. Porte non incluse (PDSF : Prix de d\u00e9tail sugg\u00e9r\u00e9 par le fournisseur.\u00a0 Le d\u00e9taillant peut vendre \u00e0 un prix diff\u00e9rent).<\/p>\n<\/div>\n<\/div>\n<\/div>\n","protected":false},"featured_media":628,"comment_status":"open","ping_status":"closed","template":"","meta":{"om_disable_all_campaigns":false},"product_cat":[64],"product_tag":[],"acf":[],"aioseo_notices":[],"jetpack_publicize_connections":[],"_links":{"self":[{"href":"http:\/\/www.colonialelegance.com\/fr\/wp-json\/wp\/v2\/product\/2042"}],"collection":[{"href":"http:\/\/www.colonialelegance.com\/fr\/wp-json\/wp\/v2\/product"}],"about":[{"href":"http:\/\/www.colonialelegance.com\/fr\/wp-json\/wp\/v2\/types\/product"}],"replies":[{"embeddable":true,"href":"http:\/\/www.colonialelegance.com\/fr\/wp-json\/wp\/v2\/comments?post=2042"}],"wp:featuredmedia":[{"embeddable":true,"href":"http:\/\/www.colonialelegance.com\/fr\/wp-json\/wp\/v2\/media\/628"}],"wp:attachment":[{"href":"http:\/\/www.colonialelegance.com\/fr\/wp-json\/wp\/v2\/media?parent=2042"}],"wp:term":[{"taxonomy":"product_cat","embeddable":true,"href":"http:\/\/www.colonialelegance.com\/fr\/wp-json\/wp\/v2\/product_cat?post=2042"},{"taxonomy":"product_tag","embeddable":true,"href":"http:\/\/www.colonialelegance.com\/fr\/wp-json\/wp\/v2\/product_tag?post=2042"}],"curies":[{"name":"wp","href":"https:\/\/api.w.org\/{rel}","templated":true}]}}