

{"id":1703,"date":"2015-07-28T11:11:42","date_gmt":"2015-07-28T15:11:42","guid":{"rendered":"http:\/\/www.colonialelegance.com\/product\/mission-chene-ou-laque-blanc\/"},"modified":"2017-05-11T16:11:31","modified_gmt":"2017-05-11T20:11:31","slug":"mission-chene-ou-laque-blanc","status":"publish","type":"product","link":"http:\/\/www.colonialelegance.com\/fr\/produit\/mission-chene-ou-laque-blanc\/","title":{"rendered":"S\u00c9RIE MISSION : Ch\u00eane ou laqu\u00e9 blanc"},"content":{"rendered":"","protected":false},"excerpt":{"rendered":"<div class=\"field field-type-text field-field-description-produit\">\n<div class=\"field-items\">\n<div class=\"field-item odd\">\n<ul>\n<li><strong>Description :<\/strong>\u00a0poteau carr\u00e9\u00a0et barreau carr\u00e9 de 1-5\/8&Prime; de style Mission.<\/li>\n<li><strong>Escaliers :<\/strong>\u00a0composantes pour escaliers disponibles.<\/li>\n<li><strong>Courbes et accessoires :<\/strong>\u00a0accessoires d&rsquo;installation disponibles, les courbes ne sont pas disponibles pour cette s\u00e9rie.<\/li>\n<li><strong>Options :<\/strong>\u00a0demi-poteaux\u00a0disponibles. Vernissage de produits en usine avec suppl\u00e9ment.<\/li>\n<\/ul>\n<\/div>\n<\/div>\n<\/div>\n<div class=\"field field-type-text field-field-remarque-produit\">\n<div class=\"field-items\">\n<div class=\"field-item odd\">\n<p><span class=\"asterix_txt\">*<\/span>Prix estim\u00e9 d&rsquo;une balustrade pour 12 marches et section horizontale de 8 pieds.\u00a0Composantes en ch\u00eane et barreaux laqu\u00e9s blancs. Lisse, marches et contremarches exclues. (PDSF : Prix de d\u00e9tail sugg\u00e9r\u00e9 par le fournisseur. Le d\u00e9taillant peut vendre \u00e0 un prix diff\u00e9rent.)<\/p>\n<\/div>\n<\/div>\n<\/div>\n","protected":false},"featured_media":1702,"comment_status":"open","ping_status":"closed","template":"","meta":{"om_disable_all_campaigns":false},"product_cat":[53,56],"product_tag":[],"acf":[],"aioseo_notices":[],"jetpack_publicize_connections":[],"_links":{"self":[{"href":"http:\/\/www.colonialelegance.com\/fr\/wp-json\/wp\/v2\/product\/1703"}],"collection":[{"href":"http:\/\/www.colonialelegance.com\/fr\/wp-json\/wp\/v2\/product"}],"about":[{"href":"http:\/\/www.colonialelegance.com\/fr\/wp-json\/wp\/v2\/types\/product"}],"replies":[{"embeddable":true,"href":"http:\/\/www.colonialelegance.com\/fr\/wp-json\/wp\/v2\/comments?post=1703"}],"wp:featuredmedia":[{"embeddable":true,"href":"http:\/\/www.colonialelegance.com\/fr\/wp-json\/wp\/v2\/media\/1702"}],"wp:attachment":[{"href":"http:\/\/www.colonialelegance.com\/fr\/wp-json\/wp\/v2\/media?parent=1703"}],"wp:term":[{"taxonomy":"product_cat","embeddable":true,"href":"http:\/\/www.colonialelegance.com\/fr\/wp-json\/wp\/v2\/product_cat?post=1703"},{"taxonomy":"product_tag","embeddable":true,"href":"http:\/\/www.colonialelegance.com\/fr\/wp-json\/wp\/v2\/product_tag?post=1703"}],"curies":[{"name":"wp","href":"https:\/\/api.w.org\/{rel}","templated":true}]}}