

{"id":1653,"date":"2015-06-04T16:58:39","date_gmt":"2015-06-04T20:58:39","guid":{"rendered":"http:\/\/www.colonialelegance.com\/product\/colonial-pin-noueux-ou-chene-2\/"},"modified":"2017-05-11T16:09:17","modified_gmt":"2017-05-11T20:09:17","slug":"colonial-pin-noueux","status":"publish","type":"product","link":"http:\/\/www.colonialelegance.com\/fr\/produit\/colonial-pin-noueux\/","title":{"rendered":"S\u00c9RIE COLONIAL : Pin noueux"},"content":{"rendered":"","protected":false},"excerpt":{"rendered":"<div class=\"field field-type-text field-field-description-produit\">\n<div class=\"field-items\">\n<div class=\"field-item odd\">\n<ul>\n<li><strong>Description :<\/strong>\u00a0poteaux et barreaux \u00e0 bouts carr\u00e9s de 1-3\/4&Prime; avec partie centrale tourn\u00e9e de style Colonial.<\/li>\n<li><strong>Escaliers :<\/strong> composantes pour escaliers disponibles.<\/li>\n<li><strong>Courbes et accessoires :<\/strong> accessoires d&rsquo;installation et courbes disponibles.<\/li>\n<li><strong>Options :\u00a0<\/strong>demi-poteaux disponibles.\u00a0Vernissage de produits en usine avec suppl\u00e9ment.<\/li>\n<\/ul>\n<\/div>\n<\/div>\n<\/div>\n<div class=\"field field-type-text field-field-remarque-produit\">\n<div class=\"field-items\">\n<div class=\"field-item odd\">\n<p><span class=\"asterix_txt\">*<\/span>Prix estim\u00e9 d&rsquo;une balustrade pour 12 marches et section horizontale de 8 pieds composantes en pin. Lisse, marches et contremarches exclues. (PDSF : Prix de d\u00e9tail sugg\u00e9r\u00e9 par le fournisseur. Le d\u00e9taillant peut vendre \u00e0 un prix diff\u00e9rent.)<\/p>\n<\/div>\n<\/div>\n<\/div>\n","protected":false},"featured_media":4425,"comment_status":"open","ping_status":"closed","template":"","meta":{"om_disable_all_campaigns":false},"product_cat":[53,54],"product_tag":[],"acf":[],"aioseo_notices":[],"jetpack_publicize_connections":[],"_links":{"self":[{"href":"http:\/\/www.colonialelegance.com\/fr\/wp-json\/wp\/v2\/product\/1653"}],"collection":[{"href":"http:\/\/www.colonialelegance.com\/fr\/wp-json\/wp\/v2\/product"}],"about":[{"href":"http:\/\/www.colonialelegance.com\/fr\/wp-json\/wp\/v2\/types\/product"}],"replies":[{"embeddable":true,"href":"http:\/\/www.colonialelegance.com\/fr\/wp-json\/wp\/v2\/comments?post=1653"}],"wp:featuredmedia":[{"embeddable":true,"href":"http:\/\/www.colonialelegance.com\/fr\/wp-json\/wp\/v2\/media\/4425"}],"wp:attachment":[{"href":"http:\/\/www.colonialelegance.com\/fr\/wp-json\/wp\/v2\/media?parent=1653"}],"wp:term":[{"taxonomy":"product_cat","embeddable":true,"href":"http:\/\/www.colonialelegance.com\/fr\/wp-json\/wp\/v2\/product_cat?post=1653"},{"taxonomy":"product_tag","embeddable":true,"href":"http:\/\/www.colonialelegance.com\/fr\/wp-json\/wp\/v2\/product_tag?post=1653"}],"curies":[{"name":"wp","href":"https:\/\/api.w.org\/{rel}","templated":true}]}}