

{"id":1286,"date":"2015-06-05T12:00:54","date_gmt":"2015-06-05T16:00:54","guid":{"rendered":"http:\/\/www.colonialelegance.com\/product\/encore-3\/"},"modified":"2024-02-28T11:14:24","modified_gmt":"2024-02-28T16:14:24","slug":"encore","status":"publish","type":"product","link":"http:\/\/www.colonialelegance.com\/fr\/produit\/encore\/","title":{"rendered":"Mod\u00e8le Encore"},"content":{"rendered":"<p>Porte Premium \u00e0 double parois avec syst\u00e8me \u00e0 glissi\u00e8re sur le rail du haut<\/p>\n","protected":false},"excerpt":{"rendered":"<div class=\"field field-type-text field-field-description-produit\">\n<div class=\"field-items\">\n<div class=\"field-item odd\">\n<ul>\n<li><strong>Mat\u00e9riel : <\/strong>panneau en PVC \u00e0 double parois de 5 3\/8&Prime; \u00e0 l&rsquo;\u00e9preuve des rayons UV.<\/li>\n<li><strong>D\u00e9tails :<\/strong> rail, poign\u00e9e et quincaillerie incluses. Pour une ouverture de 24&Prime; \u00e0 36&Prime; x 80 1\/2&Prime;.\u00a0 Peut \u00eatre coup\u00e9e \u00e0 la hauteur d\u00e9sir\u00e9e.<\/li>\n<li><strong>Options :<\/strong>\u00a0loquet de porte disponible. Peut-\u00eatre install\u00e9e en porte double.<\/li>\n<li><strong>Dimensions :<\/strong> 24&Prime; \u00e0 36&Prime;\u00a0 x 80&Prime;.<\/li>\n<\/ul>\n<\/div>\n<\/div>\n<\/div>\n<div class=\"field field-type-text field-field-remarque-produit\">\n<div class=\"field-items\">\n<div class=\"field-item odd\">\n<p><span class=\"asterix_txt\">*<\/span>Pour une porte accord\u00e9on de 24&Prime; \u00e0 36&Prime; x 80&Prime; en PVC.\u00a0 (PDSF : Prix de d\u00e9tail sugg\u00e9r\u00e9 par le fournisseur.\u00a0 Le d\u00e9taillant peut vendre \u00e0 un prix diff\u00e9rent).<\/p>\n<\/div>\n<\/div>\n<\/div>\n","protected":false},"featured_media":640,"comment_status":"open","ping_status":"closed","template":"","meta":{"om_disable_all_campaigns":false},"product_cat":[81],"product_tag":[],"acf":[],"aioseo_notices":[],"jetpack_publicize_connections":[],"_links":{"self":[{"href":"http:\/\/www.colonialelegance.com\/fr\/wp-json\/wp\/v2\/product\/1286"}],"collection":[{"href":"http:\/\/www.colonialelegance.com\/fr\/wp-json\/wp\/v2\/product"}],"about":[{"href":"http:\/\/www.colonialelegance.com\/fr\/wp-json\/wp\/v2\/types\/product"}],"replies":[{"embeddable":true,"href":"http:\/\/www.colonialelegance.com\/fr\/wp-json\/wp\/v2\/comments?post=1286"}],"wp:featuredmedia":[{"embeddable":true,"href":"http:\/\/www.colonialelegance.com\/fr\/wp-json\/wp\/v2\/media\/640"}],"wp:attachment":[{"href":"http:\/\/www.colonialelegance.com\/fr\/wp-json\/wp\/v2\/media?parent=1286"}],"wp:term":[{"taxonomy":"product_cat","embeddable":true,"href":"http:\/\/www.colonialelegance.com\/fr\/wp-json\/wp\/v2\/product_cat?post=1286"},{"taxonomy":"product_tag","embeddable":true,"href":"http:\/\/www.colonialelegance.com\/fr\/wp-json\/wp\/v2\/product_tag?post=1286"}],"curies":[{"name":"wp","href":"https:\/\/api.w.org\/{rel}","templated":true}]}}