

{"id":1284,"date":"2015-06-05T12:01:39","date_gmt":"2015-06-05T16:01:39","guid":{"rendered":"http:\/\/www.colonialelegance.com\/product\/via-3\/"},"modified":"2024-02-28T11:14:12","modified_gmt":"2024-02-28T16:14:12","slug":"via","status":"publish","type":"product","link":"http:\/\/www.colonialelegance.com\/fr\/produit\/via\/","title":{"rendered":"Mod\u00e8le Via"},"content":{"rendered":"<p>Porte accord\u00e9on standard id\u00e9ale pour cloison de salle de lavage<\/p>\n","protected":false},"excerpt":{"rendered":"<div class=\"field field-type-text field-field-description-produit\">\n<div class=\"field-items\">\n<div class=\"field-item odd\">\n<ul>\n<li><strong>Mat\u00e9riel : <\/strong>panneau en PVC \u00e0 paroi simple de 3 7\/8&Prime; \u00e0 l&rsquo;\u00e9preuve des rayons UV.<\/li>\n<li><strong>D\u00e9tails :<\/strong> rail, poign\u00e9e et quincaillerie incluses. Pour une ouverture de 24&Prime; \u00e0 48&Prime; x 80 1\/2&Prime;. Peut \u00eatre coup\u00e9e \u00e0 la hauteur d\u00e9sir\u00e9e.<\/li>\n<li><strong>Options :\u00a0<\/strong>loquet de porte disponible. Peut-\u00eatre install\u00e9e en porte double.<\/li>\n<li><strong>Dimensions :<\/strong> 24&Prime; \u00e0 36&Prime;\u00a0 x 80&Prime;, couleur blanc, ch\u00eane, bruine blanche ou\u00a0pacane. Aussi disponible jusqu&rsquo;\u00e0 48&Prime; x 80&Prime;, couleur ch\u00eane ou blanc.<\/li>\n<\/ul>\n<\/div>\n<\/div>\n<\/div>\n<div class=\"field field-type-text field-field-remarque-produit\">\n<div class=\"field-items\">\n<div class=\"field-item odd\">\n<p><span class=\"asterix_txt\">*<\/span>Pour une porte accord\u00e9on de 24&Prime; \u00e0 36&Prime; x 80&Prime; en PVC.\u00a0 (PDSF : Prix de d\u00e9tail sugg\u00e9r\u00e9 par le fournisseur.\u00a0 Le d\u00e9taillant peut vendre \u00e0 un prix diff\u00e9rent).<\/p>\n<\/div>\n<\/div>\n<\/div>\n","protected":false},"featured_media":638,"comment_status":"open","ping_status":"closed","template":"","meta":{"om_disable_all_campaigns":false},"product_cat":[81],"product_tag":[],"acf":[],"aioseo_notices":[],"jetpack_publicize_connections":[],"_links":{"self":[{"href":"http:\/\/www.colonialelegance.com\/fr\/wp-json\/wp\/v2\/product\/1284"}],"collection":[{"href":"http:\/\/www.colonialelegance.com\/fr\/wp-json\/wp\/v2\/product"}],"about":[{"href":"http:\/\/www.colonialelegance.com\/fr\/wp-json\/wp\/v2\/types\/product"}],"replies":[{"embeddable":true,"href":"http:\/\/www.colonialelegance.com\/fr\/wp-json\/wp\/v2\/comments?post=1284"}],"wp:featuredmedia":[{"embeddable":true,"href":"http:\/\/www.colonialelegance.com\/fr\/wp-json\/wp\/v2\/media\/638"}],"wp:attachment":[{"href":"http:\/\/www.colonialelegance.com\/fr\/wp-json\/wp\/v2\/media?parent=1284"}],"wp:term":[{"taxonomy":"product_cat","embeddable":true,"href":"http:\/\/www.colonialelegance.com\/fr\/wp-json\/wp\/v2\/product_cat?post=1284"},{"taxonomy":"product_tag","embeddable":true,"href":"http:\/\/www.colonialelegance.com\/fr\/wp-json\/wp\/v2\/product_tag?post=1284"}],"curies":[{"name":"wp","href":"https:\/\/api.w.org\/{rel}","templated":true}]}}