

{"id":1232,"date":"2015-06-05T11:37:55","date_gmt":"2015-06-05T15:37:55","guid":{"rendered":"http:\/\/www.colonialelegance.com\/product\/ashgrove-4\/"},"modified":"2024-04-04T09:32:53","modified_gmt":"2024-04-04T13:32:53","slug":"porte-moustiquaire-ashgrove","status":"publish","type":"product","link":"http:\/\/www.colonialelegance.com\/fr\/produit\/porte-moustiquaire-ashgrove\/","title":{"rendered":"Ashgrove"},"content":{"rendered":"","protected":false},"excerpt":{"rendered":"<div class=\"field field-type-text field-field-description-produit\">\n<div class=\"field-items\">\n<div class=\"field-item odd\">\n<ul>\n<li><strong>Mat\u00e9riel :<\/strong> en pin noueux rustique naturel joint\u00e9 de 1&Prime; d&rsquo;\u00e9paisseur<\/li>\n<li><strong>D\u00e9tails :<\/strong> cadre d&rsquo;une largeur de 2 1\/4&Prime; en haut,\u00a02 1\/4&Prime; sur les c\u00f4t\u00e9s et de\u00a03 1\/2&Prime;en bas.\u00a0\u00a0 Avec ornements victoriens et 6 barreaux tourn\u00e9s.\u00a0 Moustiquaire int\u00e9gr\u00e9 en fibre de verre.<\/li>\n<li><strong>Dimensions :<\/strong> 32&Prime;, 33&Prime;, 34&Prime; ou 36&Prime; x 82&Prime;.\u00a0 Peut \u00eatre coup\u00e9e en hauteur et largeur pour s&rsquo;ajuster \u00e0 votre ouverture.<\/li>\n<\/ul>\n<\/div>\n<\/div>\n<\/div>\n<div class=\"field field-type-text field-field-remarque-produit\">\n<div class=\"field-items\">\n<div class=\"field-item odd\">\n<p><span class=\"asterix_txt\">*<\/span>Pour une porte moustiquaire de 34&Prime; x 82&Prime; en pin rustique.\u00a0 (PDSF : Prix de d\u00e9tail sugg\u00e9r\u00e9 par le fournisseur.\u00a0 Le d\u00e9taillant peut vendre \u00e0 un prix diff\u00e9rent).<\/p>\n<\/div>\n<\/div>\n<\/div>\n","protected":false},"featured_media":2908,"comment_status":"open","ping_status":"closed","template":"","meta":{"om_disable_all_campaigns":false},"product_cat":[456,71],"product_tag":[],"acf":[],"aioseo_notices":[],"jetpack_publicize_connections":[],"_links":{"self":[{"href":"http:\/\/www.colonialelegance.com\/fr\/wp-json\/wp\/v2\/product\/1232"}],"collection":[{"href":"http:\/\/www.colonialelegance.com\/fr\/wp-json\/wp\/v2\/product"}],"about":[{"href":"http:\/\/www.colonialelegance.com\/fr\/wp-json\/wp\/v2\/types\/product"}],"replies":[{"embeddable":true,"href":"http:\/\/www.colonialelegance.com\/fr\/wp-json\/wp\/v2\/comments?post=1232"}],"wp:featuredmedia":[{"embeddable":true,"href":"http:\/\/www.colonialelegance.com\/fr\/wp-json\/wp\/v2\/media\/2908"}],"wp:attachment":[{"href":"http:\/\/www.colonialelegance.com\/fr\/wp-json\/wp\/v2\/media?parent=1232"}],"wp:term":[{"taxonomy":"product_cat","embeddable":true,"href":"http:\/\/www.colonialelegance.com\/fr\/wp-json\/wp\/v2\/product_cat?post=1232"},{"taxonomy":"product_tag","embeddable":true,"href":"http:\/\/www.colonialelegance.com\/fr\/wp-json\/wp\/v2\/product_tag?post=1232"}],"curies":[{"name":"wp","href":"https:\/\/api.w.org\/{rel}","templated":true}]}}