

{"id":1139,"date":"2015-06-05T13:31:27","date_gmt":"2015-06-05T17:31:27","guid":{"rendered":"http:\/\/www.colonialelegance.com\/product\/ronde-2\/"},"modified":"2016-08-12T12:38:06","modified_gmt":"2016-08-12T16:38:06","slug":"ronde-2","status":"publish","type":"product","link":"http:\/\/www.colonialelegance.com\/fr\/produit\/ronde-2\/","title":{"rendered":"Ronde"},"content":{"rendered":"<p>Persienne ronde en polym\u00e8re sans entretien<\/p>\n","protected":false},"excerpt":{"rendered":"<div class=\"field field-type-text field-field-description-produit\">\n<div class=\"field-items\">\n<div class=\"field-item odd\">\n<ul>\n<li><strong>Mat\u00e9riel : <\/strong>polym\u00e8re haute densit\u00e9 thermoform\u00e9 en deux pi\u00e8ces, prot\u00e9g\u00e9 contre les rayons UV et r\u00e9sistant aux intemp\u00e9ries<\/li>\n<li><strong>D\u00e9tail :<\/strong> nylon non-corrosif au dos<\/li>\n<li><strong>Dimensions :<\/strong> 16&Prime; x 16&Prime; et 22&Prime; x 22&Prime;<\/li>\n<\/ul>\n<\/div>\n<\/div>\n<\/div>\n<div class=\"field field-type-text field-field-remarque-produit\">\n<div class=\"field-items\">\n<div class=\"field-item odd\">\n<p><span class=\"asterix_txt\">*<\/span>Pour une persienne de 16&Prime; x 16&Prime; en polyethylene.\u00a0 (PDSF : Prix de d\u00e9tail sugg\u00e9r\u00e9 par le fournisseur.\u00a0 Le d\u00e9taillant peut vendre \u00e0 un prix diff\u00e9rent).<\/p>\n<\/div>\n<\/div>\n<\/div>\n","protected":false},"featured_media":655,"comment_status":"open","ping_status":"open","template":"","meta":{"om_disable_all_campaigns":false},"product_cat":[107],"product_tag":[],"acf":[],"aioseo_notices":[],"jetpack_publicize_connections":[],"_links":{"self":[{"href":"http:\/\/www.colonialelegance.com\/fr\/wp-json\/wp\/v2\/product\/1139"}],"collection":[{"href":"http:\/\/www.colonialelegance.com\/fr\/wp-json\/wp\/v2\/product"}],"about":[{"href":"http:\/\/www.colonialelegance.com\/fr\/wp-json\/wp\/v2\/types\/product"}],"replies":[{"embeddable":true,"href":"http:\/\/www.colonialelegance.com\/fr\/wp-json\/wp\/v2\/comments?post=1139"}],"wp:featuredmedia":[{"embeddable":true,"href":"http:\/\/www.colonialelegance.com\/fr\/wp-json\/wp\/v2\/media\/655"}],"wp:attachment":[{"href":"http:\/\/www.colonialelegance.com\/fr\/wp-json\/wp\/v2\/media?parent=1139"}],"wp:term":[{"taxonomy":"product_cat","embeddable":true,"href":"http:\/\/www.colonialelegance.com\/fr\/wp-json\/wp\/v2\/product_cat?post=1139"},{"taxonomy":"product_tag","embeddable":true,"href":"http:\/\/www.colonialelegance.com\/fr\/wp-json\/wp\/v2\/product_tag?post=1139"}],"curies":[{"name":"wp","href":"https:\/\/api.w.org\/{rel}","templated":true}]}}