

{"id":2544,"date":"2015-10-20T15:13:05","date_gmt":"2015-10-20T19:13:05","guid":{"rendered":"http:\/\/www.colonialelegance.com\/?page_id=2544"},"modified":"2016-11-04T23:32:00","modified_gmt":"2016-11-05T03:32:00","slug":"echantillons","status":"publish","type":"page","link":"http:\/\/www.colonialelegance.com\/fr\/echantillons\/","title":{"rendered":"\u00c9chantillons"},"content":{"rendered":"<h2>Vous aimeriez comparer les couleurs ou simplement confirmer votre choix?<\/h2>\n<p>N&rsquo;h\u00e9sitez pas \u00e0 placer une commande d&rsquo;un ou plusieurs \u00e9chantillons. Ce service est gratuit et le(s) \u00e9chantillon(s) seront livr\u00e9s \u00e0 l&rsquo;adresse de votre choix.<\/p>\n","protected":false},"excerpt":{"rendered":"<p>Vous aimeriez comparer les couleurs ou simplement confirmer votre choix? N&rsquo;h\u00e9sitez pas \u00e0 placer une commande d&rsquo;un ou plusieurs \u00e9chantillons. Ce service est gratuit et le(s) \u00e9chantillon(s) seront livr\u00e9s \u00e0 l&rsquo;adresse de votre choix.<\/p>\n","protected":false},"author":5,"featured_media":0,"parent":0,"menu_order":0,"comment_status":"open","ping_status":"open","template":"template-samples.php","meta":{"om_disable_all_campaigns":false},"acf":[],"aioseo_notices":[],"_links":{"self":[{"href":"http:\/\/www.colonialelegance.com\/fr\/wp-json\/wp\/v2\/pages\/2544"}],"collection":[{"href":"http:\/\/www.colonialelegance.com\/fr\/wp-json\/wp\/v2\/pages"}],"about":[{"href":"http:\/\/www.colonialelegance.com\/fr\/wp-json\/wp\/v2\/types\/page"}],"author":[{"embeddable":true,"href":"http:\/\/www.colonialelegance.com\/fr\/wp-json\/wp\/v2\/users\/5"}],"replies":[{"embeddable":true,"href":"http:\/\/www.colonialelegance.com\/fr\/wp-json\/wp\/v2\/comments?post=2544"}],"version-history":[{"count":0,"href":"http:\/\/www.colonialelegance.com\/fr\/wp-json\/wp\/v2\/pages\/2544\/revisions"}],"wp:attachment":[{"href":"http:\/\/www.colonialelegance.com\/fr\/wp-json\/wp\/v2\/media?parent=2544"}],"curies":[{"name":"wp","href":"https:\/\/api.w.org\/{rel}","templated":true}]}}