

{"id":2511,"date":"2015-10-20T14:18:56","date_gmt":"2015-10-20T18:18:56","guid":{"rendered":"http:\/\/www.colonialelegance.com\/?page_id=2511"},"modified":"2017-02-03T14:26:05","modified_gmt":"2017-02-03T19:26:05","slug":"confirmation-echantillons","status":"publish","type":"page","link":"http:\/\/www.colonialelegance.com\/fr\/confirmation-echantillons\/","title":{"rendered":"Confirmation \u00e9chantillons"},"content":{"rendered":"<h2 style=\"text-align: center;\"><strong>Nous vous remercions pour votre commande d&rsquo;\u00e9chantillons gratuits. Vous le (s) recevrez dans les 10 prochains jours.<\/strong><\/h2>\n<p style=\"text-align: center;\">V\u00e9rifiez vos courriels\u00a0: vous allez recevoir une confirmation que votre commande a bien \u00e9t\u00e9 re\u00e7ue.<\/p>\n","protected":false},"excerpt":{"rendered":"<p>Nous vous remercions pour votre commande d&rsquo;\u00e9chantillons gratuits. Vous le (s) recevrez dans les 10 prochains jours. V\u00e9rifiez vos courriels\u00a0: vous allez recevoir une confirmation que votre commande a bien \u00e9t\u00e9 re\u00e7ue.<\/p>\n","protected":false},"author":5,"featured_media":0,"parent":0,"menu_order":0,"comment_status":"open","ping_status":"open","template":"template-simple-page.php","meta":{"om_disable_all_campaigns":false},"acf":[],"aioseo_notices":[],"_links":{"self":[{"href":"http:\/\/www.colonialelegance.com\/fr\/wp-json\/wp\/v2\/pages\/2511"}],"collection":[{"href":"http:\/\/www.colonialelegance.com\/fr\/wp-json\/wp\/v2\/pages"}],"about":[{"href":"http:\/\/www.colonialelegance.com\/fr\/wp-json\/wp\/v2\/types\/page"}],"author":[{"embeddable":true,"href":"http:\/\/www.colonialelegance.com\/fr\/wp-json\/wp\/v2\/users\/5"}],"replies":[{"embeddable":true,"href":"http:\/\/www.colonialelegance.com\/fr\/wp-json\/wp\/v2\/comments?post=2511"}],"version-history":[{"count":0,"href":"http:\/\/www.colonialelegance.com\/fr\/wp-json\/wp\/v2\/pages\/2511\/revisions"}],"wp:attachment":[{"href":"http:\/\/www.colonialelegance.com\/fr\/wp-json\/wp\/v2\/media?parent=2511"}],"curies":[{"name":"wp","href":"https:\/\/api.w.org\/{rel}","templated":true}]}}