

{"id":2478,"date":"2015-08-25T10:44:16","date_gmt":"2015-08-25T14:44:16","guid":{"rendered":"http:\/\/www.colonialelegance.com\/?page_id=2478"},"modified":"2015-08-25T10:44:56","modified_gmt":"2015-08-25T14:44:56","slug":"contact","status":"publish","type":"page","link":"http:\/\/www.colonialelegance.com\/fr\/contact\/","title":{"rendered":"Contact"},"content":{"rendered":"<h3>COLONIAL ELEGANCE INC.<\/h3>\n<p>3800 Boulevard du Tricentenaire<br \/>\nMontr\u00e9al, Qu\u00e9bec<br \/>\nH1B 5T8<\/p>\n<p>T\u00e9l\u00e9phone : <strong>514 640-1212<\/strong><br \/>\nSans frais : <strong>1 800 361-2030<\/strong><br \/>\nFax : <strong>514 640-1744<\/strong><\/p>\n<p>Service client\u00a0: <a href=\"mailto:info@colonialelegance.com\">info@colonialelegance.com<\/a><\/p>\n","protected":false},"excerpt":{"rendered":"<p>COLONIAL ELEGANCE INC. 3800 Boulevard du Tricentenaire Montr\u00e9al, Qu\u00e9bec H1B 5T8 T\u00e9l\u00e9phone : 514 640-1212 Sans frais : 1 800 361-2030 Fax : 514 640-1744 Service client\u00a0: info@colonialelegance.com<\/p>\n","protected":false},"author":5,"featured_media":0,"parent":0,"menu_order":0,"comment_status":"open","ping_status":"open","template":"template-simple-page.php","meta":{"om_disable_all_campaigns":false},"acf":[],"aioseo_notices":[],"_links":{"self":[{"href":"http:\/\/www.colonialelegance.com\/fr\/wp-json\/wp\/v2\/pages\/2478"}],"collection":[{"href":"http:\/\/www.colonialelegance.com\/fr\/wp-json\/wp\/v2\/pages"}],"about":[{"href":"http:\/\/www.colonialelegance.com\/fr\/wp-json\/wp\/v2\/types\/page"}],"author":[{"embeddable":true,"href":"http:\/\/www.colonialelegance.com\/fr\/wp-json\/wp\/v2\/users\/5"}],"replies":[{"embeddable":true,"href":"http:\/\/www.colonialelegance.com\/fr\/wp-json\/wp\/v2\/comments?post=2478"}],"version-history":[{"count":0,"href":"http:\/\/www.colonialelegance.com\/fr\/wp-json\/wp\/v2\/pages\/2478\/revisions"}],"wp:attachment":[{"href":"http:\/\/www.colonialelegance.com\/fr\/wp-json\/wp\/v2\/media?parent=2478"}],"curies":[{"name":"wp","href":"https:\/\/api.w.org\/{rel}","templated":true}]}}